{"id":1349,"date":"2024-12-19T19:22:05","date_gmt":"2024-12-19T19:22:05","guid":{"rendered":"https:\/\/www.bewa-group.de\/?post_type=product&#038;p=1349"},"modified":"2025-10-08T18:54:48","modified_gmt":"2025-10-08T18:54:48","slug":"12t-pl-kraftstoffmodifikator","status":"publish","type":"product","link":"https:\/\/www.bewa-group.de\/home\/produkt\/12t-pl-kraftstoffmodifikator\/","title":{"rendered":"12T-PL Kraftstoffmodifikator"},"content":{"rendered":"<ul>\n<li>Material Au\u00dfenhu\u0308lle: Kunststoff<\/li>\n<li>Au\u00dfen-\/Innendurchmesser zum Anschluss an Kraftstoffleitung: 12 mm \/ 8 mm oder 14 mm \/ 10,5 mm<\/li>\n<li>F\u00fcr Fahrzeuge bis zu 12t zul\u00e4ssiges Gesamtgewicht<\/li>\n<li>Lange Laufleistung bis zu 300.000 Kilometer<\/li>\n<li>Geeignet f\u00fcr den Einsatz in warmen und kalten Regionen<\/li>\n<li>Geeignet f\u00fcr den Einsatz in \u00d6lheizsystemen<\/li>\n<li>Unbedenklichkeit durch T\u00dcV und DEKRA getestet und best\u00e4tigt<\/li>\n<li>Made in Germany<\/li>\n<\/ul>\n","protected":false},"excerpt":{"rendered":"<p>Material Au\u00dfenhu\u0308lle: Kunststoff Au\u00dfen-\/Innendurchmesser zum Anschluss an Kraftstoffleitung: 12 mm \/ 8 mm oder 14 mm \/ 10,5 mm F\u00fcr Fahrzeuge bis zu 12t zul\u00e4ssiges Gesamtgewicht Lange Laufleistung bis zu 300.000 Kilometer Geeignet f\u00fcr den Einsatz in warmen und kalten Regionen Geeignet f\u00fcr den Einsatz in \u00d6lheizsystemen Unbedenklichkeit durch T\u00dcV und DEKRA getestet und best\u00e4tigt&hellip; <br \/> <a class=\"read-more\" href=\"https:\/\/www.bewa-group.de\/home\/produkt\/12t-pl-kraftstoffmodifikator\/\">Read more<\/a><\/p>\n","protected":false},"featured_media":1553,"comment_status":"closed","ping_status":"closed","template":"","meta":[],"product_brand":[],"product_cat":[49],"product_tag":[],"class_list":{"0":"post-1349","1":"product","2":"type-product","3":"status-publish","4":"has-post-thumbnail","6":"product_cat-modifikator","8":"first","9":"instock","10":"taxable","11":"shipping-taxable","12":"purchasable","13":"product-type-simple"},"_links":{"self":[{"href":"https:\/\/www.bewa-group.de\/home\/wp-json\/wp\/v2\/product\/1349","targetHints":{"allow":["GET"]}}],"collection":[{"href":"https:\/\/www.bewa-group.de\/home\/wp-json\/wp\/v2\/product"}],"about":[{"href":"https:\/\/www.bewa-group.de\/home\/wp-json\/wp\/v2\/types\/product"}],"replies":[{"embeddable":true,"href":"https:\/\/www.bewa-group.de\/home\/wp-json\/wp\/v2\/comments?post=1349"}],"wp:featuredmedia":[{"embeddable":true,"href":"https:\/\/www.bewa-group.de\/home\/wp-json\/wp\/v2\/media\/1553"}],"wp:attachment":[{"href":"https:\/\/www.bewa-group.de\/home\/wp-json\/wp\/v2\/media?parent=1349"}],"wp:term":[{"taxonomy":"product_brand","embeddable":true,"href":"https:\/\/www.bewa-group.de\/home\/wp-json\/wp\/v2\/product_brand?post=1349"},{"taxonomy":"product_cat","embeddable":true,"href":"https:\/\/www.bewa-group.de\/home\/wp-json\/wp\/v2\/product_cat?post=1349"},{"taxonomy":"product_tag","embeddable":true,"href":"https:\/\/www.bewa-group.de\/home\/wp-json\/wp\/v2\/product_tag?post=1349"}],"curies":[{"name":"wp","href":"https:\/\/api.w.org\/{rel}","templated":true}]}}