{"id":738,"date":"2022-02-13T11:12:15","date_gmt":"2022-02-13T11:12:15","guid":{"rendered":"https:\/\/www.bewa-group.de\/?page_id=738"},"modified":"2025-11-05T16:02:03","modified_gmt":"2025-11-05T16:02:03","slug":"karriere","status":"publish","type":"page","link":"https:\/\/www.bewa-group.de\/home\/karriere\/","title":{"rendered":"Karriere"},"content":{"rendered":"<div data-id='initial-content-section' data-export-id='initial-content-section' data-label='Initial Content' id='initial-content-section' class='content-section content-section-spacing'>\r\n   <div class='gridContainer'>\r\n     <div class='row'>\r\n\r\n        <div class='col-xs-12 col-sm-12'>                <p><\/p>\r\n<p class=\"has-black-color has-text-color\">Karriere bei uns. Wenn sich die Mitar\u00adbeiter entwi\u00adckeln, entwi\u00adckelt sich auch das Unter\u00adnehmen \u2013 daran glauben wir.<\/p>\r\n<p>Aktuell haben wir keine offenen Stellen zu besetzen. Allerdings suchen wir regelm\u00e4\u00dfig Verst\u00e4rkung im Bereich Vertriebsau\u00dfendienst. <br \/>Lassen Sie uns gerne Ihre Initiativbewerbung per E-Mail zukommen und \u00fcberzeugen Sie uns.<\/p>\r\n<p><\/p>\r\n<p><\/p>\r\n<hr class=\"wp-block-separator aligncenter has-text-color has-background has-black-background-color has-black-color is-style-dots\"\/>\r\n<\/p>\r\n<p><\/p>\r\n<h3 class=\"has-text-align-left has-black-color has-text-color wp-block-heading\" id=\"initiativbewerbung\">Initiativbewerbung<\/h3>\r\n<p><\/p>\r\n<p><\/p>\r\n<p class=\"has-text-align-left has-black-color has-text-color\">Sie verstehen es, Menschen zu begeistern, und \u00fcberzeugen mit Ihrer sympathischen Art im Kundengespr\u00e4ch? <br \/>Innovative Technologien sind genau Ihr Ding und Sie brennen darauf, Ihr Beratungsgeschick unter Beweis zu stellen? Dann werden Sie Teil unseres Teams!<\/p>\r\n<p><\/p>\r\n<p><\/p>\r\n<div class=\"wp-block-columns is-layout-flex wp-container-core-columns-is-layout-9d6595d7 wp-block-columns-is-layout-flex\"><\/p>\r\n<div class=\"wp-block-column is-layout-flow wp-block-column-is-layout-flow\"><\/p>\r\n<h3 class=\"has-black-color has-text-color wp-block-heading\" id=\"was-sie-bei-uns-bewegen\">Was Sie bei uns bewegen<\/h3>\r\n<p><\/p>\r\n<p><\/p>\r\n<ul class=\"has-black-color has-text-color wp-block-list\">\r\n<li>Verantwortung f\u00fcr die Akquise von Neukunden <\/li>\r\n<li>Praktische Vorf\u00fchrungen und Pr\u00e4sentation<\/li>\r\n<li>Kundenangebote mit Backoffice ausarbeiten und nachverfolgen<\/li>\r\n<li>Gemeinsame Erarbeitung von Vertriebsstrategien und deren Umsetzung<\/li>\r\n<li>Repr\u00e4sentation des Unternehmens bei (Haus-)Messen, Werkstattbesuchen und Schulungen<\/li>\r\n<\/ul>\r\n<p><\/div>\r\n<p><\/p>\r\n<p><\/p>\r\n<div class=\"wp-block-column is-layout-flow wp-block-column-is-layout-flow\"><\/p>\r\n<h3 class=\"has-black-color has-text-color wp-block-heading\" id=\"was-uns-uberzeugt-1\">Was uns \u00fcberzeugt<\/h3>\r\n<p><\/p>\r\n<p><\/p>\r\n<ul class=\"has-black-color has-text-color wp-block-list\">\r\n<li>Kaufm\u00e4nnischer oder technischer Abschluss<\/li>\r\n<li>Berufserfahrung im Vertrieb und Verkauf<\/li>\r\n<li>Technisches Interesse und Verst\u00e4ndnis<\/li>\r\n<li>Hohes Ma\u00df an Motivation, Eigeninitiative und zielorientiertem Arbeiten<\/li>\r\n<li>Ausgepr\u00e4gte Kommunikationsst\u00e4rke, Begeisterungsf\u00e4higkeit sowie ein sicheres Auftreten<\/li>\r\n<li>Bereitschaft zur Reiset\u00e4tigkeit und Homeoffice<\/li>\r\n<\/ul>\r\n<p><\/div>\r\n<p><\/div>\r\n<p><\/p>\r\n<p><\/p>\r\n<p class=\"has-black-color has-text-color\"><strong>Ihre aussagekr\u00e4ftigen Bewerbungsunterlagen senden Sie bitte unter Angabe Ihres fr\u00fchesten Eintrittstermins und Ihrer Gehaltsvorstellung per E-Mail an: <a href=\"https:\/\/www.bewa-group.de\/karriere\/\" data-type=\"page\" data-id=\"738\">karriere@bewa-group.de<\/a> &#8211; wir freuen uns auf Sie!<\/strong><\/p>\r\n<p><\/p>\r\n<p><\/p>\r\n<p class=\"has-black-color has-text-color\"><\/p>\r\n<p><\/p>\r\n<p><\/p>\r\n<div class=\"wp-block-columns is-layout-flex wp-container-core-columns-is-layout-9d6595d7 wp-block-columns-is-layout-flex\"><\/p>\r\n<div class=\"wp-block-column is-layout-flow wp-block-column-is-layout-flow\" style=\"flex-basis:66.66%\"><\/p>\r\n<p class=\"has-black-color has-text-color\"><strong>Hinweis:<\/strong> Wir bitten Sie freundlich, keine Anlage \u00fcber 4 MB Gr\u00f6\u00dfe zu verschicken, weil diese ggfls. nicht zugestellt werden kann. <\/p>\r\n<p><\/div>\r\n<p><\/p>\r\n<p><\/p>\r\n<div class=\"wp-block-column is-layout-flow wp-block-column-is-layout-flow\" style=\"flex-basis:33.33%\"><\/div>\r\n<p><\/div>\r\n<p><\/p>\r\n<p><\/p>\r\n<div class=\"wp-block-columns is-layout-flex wp-container-core-columns-is-layout-9d6595d7 wp-block-columns-is-layout-flex\"><\/p>\r\n<div class=\"wp-block-column is-layout-flow wp-block-column-is-layout-flow\" style=\"flex-basis:66.66%\"><\/p>\r\n<p class=\"has-black-color has-text-color\"><strong>Datenschutz:<\/strong> Wir behandeln Ihre Bewerbungsunterlagen streng vertraulich und geben sie weder an Dritte weiter noch verwenden wir sie zu Marketingzwecken. <a href=\"https:\/\/www.bewa-group.de\/datenschutz\">Hier<\/a> finden Sie unsere aktuelle Datenschutzerkl\u00e4rung.<\/p>\r\n<p><\/div>\r\n<p><\/p>\r\n<p><\/p>\r\n<div class=\"wp-block-column is-layout-flow wp-block-column-is-layout-flow\" style=\"flex-basis:33.33%\"><\/div>\r\n<p><\/div>\r\n<p><\/p>\r\n<p><\/p>\r\n<p><\/p>\r\n\r\n          <\/div>\r\n      <\/div>\r\n  <\/div>\r\n<\/div>\r\n","protected":false},"excerpt":{"rendered":"<p>Karriere bei uns. Wenn sich die Mitar\u00adbeiter entwi\u00adckeln, entwi\u00adckelt sich auch das Unter\u00adnehmen \u2013 daran glauben wir. Aktuell haben wir keine offenen Stellen zu besetzen. Allerdings suchen wir regelm\u00e4\u00dfig Verst\u00e4rkung im Bereich Vertriebsau\u00dfendienst. Lassen Sie uns gerne Ihre Initiativbewerbung per E-Mail zukommen und \u00fcberzeugen Sie uns. Initiativbewerbung Sie verstehen es, Menschen zu begeistern, und \u00fcberzeugen&hellip; <br \/> <a class=\"read-more\" href=\"https:\/\/www.bewa-group.de\/home\/karriere\/\">Read more<\/a><\/p>\n","protected":false},"author":1,"featured_media":0,"parent":0,"menu_order":0,"comment_status":"closed","ping_status":"closed","template":"pro\/page-templates\/full-width-page.php","meta":{"footnotes":""},"class_list":["post-738","page","type-page","status-publish","hentry"],"_links":{"self":[{"href":"https:\/\/www.bewa-group.de\/home\/wp-json\/wp\/v2\/pages\/738","targetHints":{"allow":["GET"]}}],"collection":[{"href":"https:\/\/www.bewa-group.de\/home\/wp-json\/wp\/v2\/pages"}],"about":[{"href":"https:\/\/www.bewa-group.de\/home\/wp-json\/wp\/v2\/types\/page"}],"author":[{"embeddable":true,"href":"https:\/\/www.bewa-group.de\/home\/wp-json\/wp\/v2\/users\/1"}],"replies":[{"embeddable":true,"href":"https:\/\/www.bewa-group.de\/home\/wp-json\/wp\/v2\/comments?post=738"}],"version-history":[{"count":2,"href":"https:\/\/www.bewa-group.de\/home\/wp-json\/wp\/v2\/pages\/738\/revisions"}],"predecessor-version":[{"id":1574,"href":"https:\/\/www.bewa-group.de\/home\/wp-json\/wp\/v2\/pages\/738\/revisions\/1574"}],"wp:attachment":[{"href":"https:\/\/www.bewa-group.de\/home\/wp-json\/wp\/v2\/media?parent=738"}],"curies":[{"name":"wp","href":"https:\/\/api.w.org\/{rel}","templated":true}]}}