{"id":571,"date":"2022-02-08T15:06:07","date_gmt":"2022-02-08T15:06:07","guid":{"rendered":"https:\/\/www.bewa-group.de\/?page_id=571"},"modified":"2022-02-14T21:22:05","modified_gmt":"2022-02-14T21:22:05","slug":"unternehmen","status":"publish","type":"page","link":"https:\/\/www.bewa-group.de\/home\/unternehmen\/","title":{"rendered":"\u00dcber uns"},"content":{"rendered":"\n<div class=\"wp-block-columns is-layout-flex wp-container-core-columns-is-layout-9d6595d7 wp-block-columns-is-layout-flex\">\n<div class=\"wp-block-column is-layout-flow wp-block-column-is-layout-flow\" style=\"flex-basis:33.33%\">\n<p><br>BEWA Group International bringt zusammen, <br>was zusammen mehr bringt, n\u00e4mlich M\u00e4rkte <br>mit Innovationen. <br><\/p>\n<\/div>\n\n\n\n<div class=\"wp-block-column is-layout-flow wp-block-column-is-layout-flow\" style=\"flex-basis:66.66%\">\n<p class=\"has-white-color has-text-color\">\u00dcber uns<\/p>\n\n\n\n<p>Als Familienunternehmen sch\u00e4tzen wir Tradition, leben Zukunftsorientierung und sind zuverl\u00e4ssiger Vertriebspartner, wenn es um innovative Technologien geht. Mit flacher Hierarchie sind wir nah am Kunden und handeln flexibel und pragmatisch.<\/p>\n\n\n\n<p>Grundlage unserer Arbeit sind langfristige Partnerschaften und eine vertrauensvolle Zusammenarbeit. Wir sind stolz darauf, dass Produzenten auf uns setzen, weil wir mit ihnen gemeinsam den Markt entwickeln und wir genie\u00dfen das Vertrauen unserer Kunden, weil wir Antworten auf ihre Fragen bereithalten.<\/p>\n\n\n\n<p><\/p>\n\n\n\n<p><strong>Setzen Sie mit uns auf einen starken Vertriebspartner \u2013 unser kompetentes Team ber\u00e4t Sie gerne!<\/strong><br><\/p>\n<\/div>\n<\/div>\n","protected":false},"excerpt":{"rendered":"<p>BEWA Group International bringt zusammen, was zusammen mehr bringt, n\u00e4mlich M\u00e4rkte mit Innovationen. \u00dcber uns Als Familienunternehmen sch\u00e4tzen wir Tradition, leben Zukunftsorientierung und sind zuverl\u00e4ssiger Vertriebspartner, wenn es um innovative Technologien geht. Mit flacher Hierarchie sind wir nah am Kunden und handeln flexibel und pragmatisch. Grundlage unserer Arbeit sind langfristige Partnerschaften und eine vertrauensvolle Zusammenarbeit.&hellip; <br \/> <a class=\"read-more\" href=\"https:\/\/www.bewa-group.de\/home\/unternehmen\/\">Read more<\/a><\/p>\n","protected":false},"author":1,"featured_media":0,"parent":0,"menu_order":0,"comment_status":"closed","ping_status":"closed","template":"","meta":{"footnotes":""},"class_list":["post-571","page","type-page","status-publish","hentry"],"_links":{"self":[{"href":"https:\/\/www.bewa-group.de\/home\/wp-json\/wp\/v2\/pages\/571","targetHints":{"allow":["GET"]}}],"collection":[{"href":"https:\/\/www.bewa-group.de\/home\/wp-json\/wp\/v2\/pages"}],"about":[{"href":"https:\/\/www.bewa-group.de\/home\/wp-json\/wp\/v2\/types\/page"}],"author":[{"embeddable":true,"href":"https:\/\/www.bewa-group.de\/home\/wp-json\/wp\/v2\/users\/1"}],"replies":[{"embeddable":true,"href":"https:\/\/www.bewa-group.de\/home\/wp-json\/wp\/v2\/comments?post=571"}],"version-history":[{"count":1,"href":"https:\/\/www.bewa-group.de\/home\/wp-json\/wp\/v2\/pages\/571\/revisions"}],"predecessor-version":[{"id":1576,"href":"https:\/\/www.bewa-group.de\/home\/wp-json\/wp\/v2\/pages\/571\/revisions\/1576"}],"wp:attachment":[{"href":"https:\/\/www.bewa-group.de\/home\/wp-json\/wp\/v2\/media?parent=571"}],"curies":[{"name":"wp","href":"https:\/\/api.w.org\/{rel}","templated":true}]}}