{"id":325,"date":"2022-02-01T16:12:03","date_gmt":"2022-02-01T16:12:03","guid":{"rendered":"https:\/\/www.bewa-group.de\/?page_id=325"},"modified":"2025-11-05T15:59:10","modified_gmt":"2025-11-05T15:59:10","slug":"datenschutz","status":"publish","type":"page","link":"https:\/\/www.bewa-group.de\/home\/datenschutz\/","title":{"rendered":"Datenschutzerkl\u00e4rung"},"content":{"rendered":"\n<p>Wir freuen uns, dass Sie unsere Webseite besuchen und bedanken uns f\u00fcr Ihr Interesse an unseren Produkten und Dienstleistungen. Ihre Privatsph\u00e4re und der damit verbundene Schutz personenbezogener Daten sind uns ein wichtiges Anliegen. Im Folgenden informieren wir Sie \u00fcber den Umgang mit Ihren personenbezogenen Daten bei Nutzung unserer Website. Personenbezogene Daten sind hierbei alle Daten, mit denen Sie pers\u00f6nlich identifiziert werden k\u00f6nnen.<\/p>\n\n\n\n<p><\/p>\n\n\n\n<h4 class=\"wp-block-heading\" id=\"wer-ist-verantwortlich-fur-die-datenerfassung-auf-dieser-website\">Wer ist verantwortlich f\u00fcr die Datenerfassung auf dieser Website?<\/h4>\n\n\n\n<p>Die Datenverarbeitung auf dieser Website erfolgt durch den Websitebetreiber. Dessen Kontaktdaten k\u00f6nnen Sie dem Impressum dieser Website entnehmen.<\/p>\n\n\n\n<h4 class=\"wp-block-heading\" id=\"wie-erfassen-wir-ihre-daten\">Wie erfassen wir Ihre Daten?<\/h4>\n\n\n\n<p>Ihre Daten werden zum einen dadurch erhoben, dass Sie uns diese mitteilen. Hierbei kann es sich z.B. um Daten handeln, die Sie in ein Kontaktformular eingeben.<br>Andere Daten werden automatisch beim Besuch der Website durch unsere IT-Systeme erfasst. Das sind vor allem technische Daten (z.B. Internetbrowser, Betriebssystem oder Uhrzeit des Seitenaufrufs). Die Erfassung dieser Daten erfolgt automatisch, sobald Sie unsere Website betreten.<\/p>\n\n\n\n<h4 class=\"wp-block-heading\" id=\"wofur-nutzen-wir-ihre-daten\">Wof\u00fcr nutzen wir Ihre Daten?<\/h4>\n\n\n\n<p>Ein Teil der Daten wird erhoben, um eine fehlerfreie Bereitstellung der Website zu gew\u00e4hrleisten. Andere Daten k\u00f6nnen zur Analyse Ihres Nutzerverhaltens verwendet werden.<\/p>\n\n\n\n<h4 class=\"wp-block-heading\" id=\"welche-rechte-haben-sie-bezuglich-ihrer-daten\">Welche Rechte haben Sie bez\u00fcglich Ihrer Daten?<\/h4>\n\n\n\n<p>Sie haben jederzeit das Recht, unentgeltlich Auskunft \u00fcber Herkunft, Empf\u00e4nger und Zweck Ihrer gespeicherten personenbezogenen Daten zu erhalten. Sie haben au\u00dferdem ein Recht, die Berichtigung, Sperrung oder L\u00f6schung dieser Daten zu verlangen. Hierzu sowie zu weiteren Fragen zum Thema Datenschutz k\u00f6nnen Sie sich jederzeit unter der im Impressum angegebenen Adresse an uns wenden. Des Weiteren steht Ihnen ein Beschwerderecht bei der zust\u00e4ndigen Aufsichtsbeh\u00f6rde zu.<\/p>\n\n\n\n<h4 class=\"wp-block-heading\" id=\"analyse-tools-und-tools-von-drittanbietern\">Analyse-Tools und Tools von Drittanbietern<\/h4>\n\n\n\n<p>Beim Besuch unserer Website kann Ihr Surf-Verhalten statistisch ausgewertet werden. Das geschieht vor allem mit Cookies und mit sogenannten Analyseprogrammen. Die Analyse Ihres Surf-Verhaltens erfolgt in der Regel anonym; das Surf-Verhalten kann nicht zu Ihnen zur\u00fcckverfolgt werden. Sie k\u00f6nnen dieser Analyse widersprechen oder sie durch die Nichtbenutzung bestimmter Tools verhindern. Detaillierte Informationen dazu finden Sie in der folgenden Datenschutzerkl\u00e4rung.<br>Sie k\u00f6nnen dieser Analyse widersprechen. \u00dcber die Widerspruchsm\u00f6glichkeiten werden wir Sie in dieser Datenschutzerkl\u00e4rung informieren.<\/p>\n\n\n\n<h3 class=\"wp-block-heading\" id=\"1-allgemeine-hinweise-und-pflichtinformationen\">1. Allgemeine Hinweise und Pflichtinformationen<\/h3>\n\n\n\n<h4 class=\"wp-block-heading\" id=\"datenschutz\">Datenschutz<\/h4>\n\n\n\n<p>Die Betreiber dieser Seiten nehmen den Schutz Ihrer pers\u00f6nlichen Daten sehr ernst. Wir behandeln Ihre personenbezogenen Daten vertraulich und entsprechend der gesetzlichen Datenschutzvorschriften sowie dieser Datenschutzerkl\u00e4rung. Wenn Sie diese Website benutzen, werden verschiedene personenbezogene Daten erhoben. Personenbezogene Daten sind Daten, mit denen Sie pers\u00f6nlich identifiziert werden k\u00f6nnen. Die vorliegende Datenschutzerkl\u00e4rung erl\u00e4utert, welche Daten wir erheben und wof\u00fcr wir sie nutzen. Sie erl\u00e4utert auch, wie und zu welchem Zweck das geschieht.<br><br>Wir weisen darauf hin, dass die Daten\u00fcbertragung im Internet (z.B. bei der Kommunikation per E-Mail) Sicherheitsl\u00fccken aufweisen kann. Ein l\u00fcckenloser Schutz der Daten vor dem Zugriff durch Dritte ist nicht m\u00f6glich.<\/p>\n\n\n\n<h4 class=\"wp-block-heading\" id=\"hinweis-zur-verantwortlichen-stelle\">Hinweis zur verantwortlichen Stelle<\/h4>\n\n\n\n<p>Die verantwortliche Stelle f\u00fcr die Datenverarbeitung auf dieser Website ist:<br><br>BEWA Group International<br>Waldemar Beck<br>Parkstra\u00dfe 18<br>75175 Pforzheim<br>Deutschland<br><br>Telefon: +49 7231 776801-0<br>E-Mail: info[!at]bewa-group.de<br><br>Verantwortliche Stelle ist die nat\u00fcrliche oder juristische Person, die allein oder gemeinsam mit anderen \u00fcber die Zwecke und Mittel der Verarbeitung von personenbezogenen Daten (z.B. Namen, E-Mail-Adressen o. \u00c4.) entscheidet.<\/p>\n\n\n\n<h4 class=\"wp-block-heading\" id=\"widerruf-ihrer-einwilligung-zur-datenverarbeitung\">Widerruf Ihrer Einwilligung zur Datenverarbeitung<\/h4>\n\n\n\n<p>Viele Datenverarbeitungsvorg\u00e4nge sind nur mit Ihrer ausdr\u00fccklichen Einwilligung m\u00f6glich. Sie k\u00f6nnen eine bereits erteilte Einwilligung jederzeit widerrufen. Dazu reicht eine formlose Mitteilung per E-Mail an uns. Die Rechtm\u00e4\u00dfigkeit der bis zum Widerruf erfolgten Datenverarbeitung bleibt vom Widerruf unber\u00fchrt.<\/p>\n\n\n\n<h4 class=\"wp-block-heading\" id=\"beschwerderecht-bei-der-zustandigen-aufsichtsbehorde\">Beschwerderecht bei der zust\u00e4ndigen Aufsichtsbeh\u00f6rde<\/h4>\n\n\n\n<p>Im Falle datenschutzrechtlicher Verst\u00f6\u00dfe steht dem Betroffenen ein Beschwerderecht bei der zust\u00e4ndigen Aufsichtsbeh\u00f6rde zu. Zust\u00e4ndige Aufsichtsbeh\u00f6rde in datenschutzrechtlichen Fragen ist der Landesdatenschutzbeauftragte des Bundeslandes, in dem unser Unternehmen seinen Sitz hat. Eine Liste der Datenschutzbeauftragten sowie deren Kontaktdaten k\u00f6nnen folgendem Link entnommen werden:&nbsp;<a href=\"https:\/\/www.bfdi.bund.de\/DE\/Infothek\/Anschriften_Links\/anschriften_links-node.html\" target=\"_blank\" rel=\"noreferrer noopener\">https:\/\/www.bfdi.bund.de\/DE\/Infothek\/Anschriften_Links\/anschriften_links-node.html<\/a>.<\/p>\n\n\n\n<h4 class=\"wp-block-heading\" id=\"recht-auf-datenubertragbarkeit\">Recht auf Daten\u00fcbertragbarkeit<\/h4>\n\n\n\n<p>Sie haben das Recht, Daten, die wir auf Grundlage Ihrer Einwilligung oder in Erf\u00fcllung eines Vertrags automatisiert verarbeiten, an sich oder an einen Dritten in einem g\u00e4ngigen, maschinenlesbaren Format aush\u00e4ndigen zu lassen. Sofern Sie die direkte \u00dcbertragung der Daten an einen anderen Verantwortlichen verlangen, erfolgt dies nur, soweit es technisch machbar ist.<\/p>\n\n\n\n<h4 class=\"wp-block-heading\" id=\"ssl-bzw-tls-verschlusselung\">SSL- bzw. TLS-Verschl\u00fcsselung<\/h4>\n\n\n\n<p>Diese Seite nutzt aus Sicherheitsgr\u00fcnden und zum Schutz der \u00dcbertragung vertraulicher Inhalte, wie zum Beispiel Bestellungen oder Anfragen, die Sie an uns als Seitenbetreiber senden, eine SSL-bzw. TLS-Verschl\u00fcsselung. Eine verschl\u00fcsselte Verbindung erkennen Sie daran, dass die Adresszeile des Browsers von \u201chttp:\/\/\u201d auf \u201chttps:\/\/\u201d wechselt und an dem Schloss-Symbol in Ihrer Browserzeile.<br>Wenn die SSL- bzw. TLS-Verschl\u00fcsselung aktiviert ist, k\u00f6nnen die Daten, die Sie an uns \u00fcbermitteln, nicht von Dritten mitgelesen werden.<\/p>\n\n\n\n<h4 class=\"wp-block-heading\" id=\"auskunft-sperrung-loschung\">Auskunft, Sperrung, L\u00f6schung<\/h4>\n\n\n\n<p>Sie haben im Rahmen der geltenden gesetzlichen Bestimmungen jederzeit das Recht auf unentgeltliche Auskunft \u00fcber Ihre gespeicherten personenbezogenen Daten, deren Herkunft und Empf\u00e4nger und den Zweck der Datenverarbeitung und ggf. ein Recht auf Berichtigung, Sperrung oder L\u00f6schung dieser Daten. Hierzu sowie zu weiteren Fragen zum Thema personenbezogene Daten k\u00f6nnen Sie sich jederzeit unter der im Impressum angegebenen Adresse an uns wenden.<\/p>\n\n\n\n<h4 class=\"wp-block-heading\" id=\"widerspruch-gegen-werbe-mails\">Widerspruch gegen Werbe-Mails<\/h4>\n\n\n\n<p>Der Nutzung von im Rahmen der Impressumspflicht ver\u00f6ffentlichten Kontaktdaten zur \u00dcbersendung von nicht ausdr\u00fccklich angeforderter Werbung und Informationsmaterialien wird hiermit widersprochen. Die Betreiber der Seiten behalten sich ausdr\u00fccklich rechtliche Schritte im Falle der unverlangten Zusendung von Werbeinformationen, etwa durch Spam-E-Mails, vor.<\/p>\n\n\n\n<h3 class=\"wp-block-heading\" id=\"2-datenerfassung-auf-unserer-website\">2. Datenerfassung auf unserer Website<\/h3>\n\n\n\n<h4 class=\"wp-block-heading\" id=\"server-log-dateien\">Server-Log-Dateien<\/h4>\n\n\n\n<p>Sie k\u00f6nnen die Webseite&nbsp;aufrufen, ohne Angaben zu Ihrer Identit\u00e4t preisgeben zu m\u00fcssen. Der auf Ihrem Endger\u00e4t eingesetzte Browser sendet lediglich automatisch Informationen an den Server unserer Webseite, um einen Verbindungsaufbau der Webseite zu erm\u00f6glichen. Dies sind:<\/p>\n\n\n\n<ul class=\"wp-block-list\">\n<li>Browsertyp und Browserversion<\/li>\n\n\n\n<li>verwendetes Betriebssystem<\/li>\n\n\n\n<li>Referrer URL<\/li>\n\n\n\n<li>Hostname des zugreifenden Rechners<\/li>\n\n\n\n<li>Uhrzeit der Serveranfrage<\/li>\n\n\n\n<li>IP-Adresse<\/li>\n<\/ul>\n\n\n\n<p>Diese werden tempor\u00e4r in einem sogenannten Logfile gespeichert und nach 7 Tagen automatisch gel\u00f6scht. Eine Zusammenf\u00fchrung dieser Daten mit anderen Datenquellen wird nicht vorgenommen.<br>Grundlage f\u00fcr die Datenverarbeitung ist Art. 6 Abs. 1 lit. f DSGVO, der die Verarbeitung von Daten zur Erf\u00fcllung eines Vertrags oder vorvertraglicher Ma\u00dfnahmen gestattet. <\/p>\n\n\n\n<h4 class=\"wp-block-heading\" id=\"cookies\">Cookies<\/h4>\n\n\n\n<div class=\"ccm-cookie-declaration\">Bitte aktivieren Sie Javascript, um die Liste aller deklarierten Cookies und \u00e4hnlicher Techniken zu sehen.<\/div>\n\n\n\n<h4 class=\"wp-block-heading\" id=\"kontaktformular\">Kontaktformular<\/h4>\n\n\n\n<p>Wenn Sie uns per Kontaktformular Anfragen zukommen lassen, werden Ihre Angaben aus dem Anfrageformular inklusive der von Ihnen dort angegebenen Kontaktdaten zwecks Bearbeitung der Anfrage und f\u00fcr den Fall von Anschlussfragen bei uns gespeichert. Diese Daten geben wir nicht ohne Ihre Einwilligung weiter. Die Verarbeitung der in das Kontaktformular eingegebenen Daten erfolgt somit ausschlie\u00dflich auf Grundlage Ihrer Einwilligung (Art. 6 Abs. 1 lit. a DSGVO). Sie k\u00f6nnen diese Einwilligung jederzeit widerrufen. Dazu reicht eine formlose Mitteilung per E-Mail an uns. Die Rechtm\u00e4\u00dfigkeit der bis zum Widerruf erfolgten Datenverarbeitungsvorg\u00e4nge bleibt vom Widerruf unber\u00fchrt.<br><br>Die von Ihnen im Kontaktformular eingegebenen Daten verbleiben bei uns, bis Sie uns zur L\u00f6schung auffordern, Ihre Einwilligung zur Speicherung widerrufen oder der Zweck f\u00fcr die Datenspeicherung entf\u00e4llt (z.B. nach abgeschlossener Bearbeitung Ihrer Anfrage). Zwingende gesetzliche Bestimmungen \u2013 insbesondere Aufbewahrungsfristen \u2013 bleiben unber\u00fchrt.<\/p>\n\n\n\n<h3 class=\"wp-block-heading\" id=\"3-analyse-tools-und-werbung\">3. Analyse Tools und Werbung<\/h3>\n\n\n\n<h4 class=\"wp-block-heading\" id=\"wp-statics\">WP Statistics<\/h4>\n\n\n\n<p>Diese Website nutzt das Analysetool WP Statistics, um Besucherzugriffe statistisch auszuwerten. Anbieter&nbsp;ist Veronalabs, ARENCO Tower, 27th Floor, Dubai Media City, Dubai, Dubai 23816, UAE (https:\/\/veronalabs.com).&nbsp;Mit WP Statistics k\u00f6nnen wir die Nutzung unserer Website analysieren. WP Statistics erfasst dabei u. a.&nbsp;Logdateien (IP-Adresse, Referrer, verwendete Browser, Herkunft des Nutzers, verwendete Suchmaschine)&nbsp;und Aktionen, die die Websitebesucher auf der Seite get\u00e4tigt haben (z. B. Klicks und Ansichten).&nbsp;Die mit WP Statistics erfassten Daten werden ausschlie\u00dflich auf unserem eigenen Server gespeichert.&nbsp;Die Nutzung dieses Analyse-Tools erfolgt auf Grundlage von Art. 6 Abs. 1 lit. f DSGVO. Wir haben ein&nbsp;berechtigtes Interesse an der anonymisierten Analyse des Nutzerverhaltens, um sowohl unser Webangebot&nbsp;als auch unsere Werbung zu optimieren. Sofern eine entsprechende Einwilligung abgefragt wurde, erfolgt&nbsp;die Verarbeitung ausschlie\u00dflich auf Grundlage von Art. 6 Abs. 1 lit. a DSGVO und \u00a7 25 Abs. 1 TTDSG, soweit&nbsp;die Einwilligung die Speicherung von Cookies oder den Zugriff auf Informationen im Endger\u00e4t des Nutzers&nbsp;(z. B. Device-Fingerprinting) im Sinne des TTDSG umfasst. Die Einwilligung ist jederzeit widerrufbar.<br><br><strong>IP-Anonymisierung<\/strong><br>Wir verwenden WP Statistics mit anonymisierter IP, dabei wird Ihre IP-Adresse gek\u00fcrzt, sodass diese Ihnen<br>nicht mehr direkt zugeordnet werden kann.<\/p>\n\n\n\n<p><strong>Matomo <\/strong><br>Wir setzen Matomo (ehemals Piwik) ein, um mithilfe dieser Open-Source-Software der InnoCraft Ltd., 150 Willis St, 6011 Wellington, Neuseeland, die Benutzung unserer Webseite statistisch auszuwerten.<\/p>\n\n\n\n<p>Zur Erfassung der Daten wird ein Cookie auf Ihrem Endger\u00e4t gespeichert. Die hierbei erzeugten Informationen werden auf Servern in Deutschland gespeichert und nach einer Speicherdauer von 180 Tagen gel\u00f6scht. Rechtsgrundlage ist Art. 6 Abs. 1 lit. f DS-GVO. Zweck der Datenverarbeitung ist die Analyse der Nutzung unseres Internetauftritts. Durch die statistische Auswertung haben wir die M\u00f6glichkeit unser Angebot zu verbessern und Ihren Besuch interessanter zu gestalten.<\/p>\n\n\n\n<p>Wir nutzen Matomo mit der Einstellung \u201eAnonymize Visitors\u2018 IP addresses\u201c. Diese Anonymisierungsfunktion verk\u00fcrzt Ihre IP-Adresse, sodass kein R\u00fcckschluss auf Ihre Person bzw. zu dem von Ihnen genutzten Internetzugang m\u00f6glich ist. Weitere Informationen zu den Datenschutzregelungen von Matomo finden Sie unter folgendem Link: <a href=\"https:\/\/matomo.org\/docs\/privacy\" target=\"_blank\" rel=\"noopener\">https:\/\/matomo.org\/docs\/privacy<\/a>.<\/p>\n\n\n\n<p>Falls Sie die Verarbeitung Ihrer Daten verhindern wollen, haben Sie die M\u00f6glichkeit vorhandene Cookies zu l\u00f6schen und die Speicherung des Cookies in Ihren Browsereinstellungen zu unterbinden. N\u00e4here Informationen finden Sie vorstehend unter \u201eCookies\u201c.<\/p>\n\n\n\n<h3 class=\"wp-block-heading\" id=\"4-plugins-und-tools\">4. Plugins und Tools<\/h3>\n\n\n\n<h4 class=\"wp-block-heading\" id=\"google-recaptcha\">Google reCaptcha<\/h4>\n\n\n\n<p>Diese Webseite verwendet die reCAPTCHA Funktion von Google Ireland Limited, Gordon House, 4 Barrow St, Dublin, D04 E5W5, Irland (\u201eGoogle\u201c). Diese Funktion dient vor allem zur Unterscheidung, ob eine Eingabe durch eine nat\u00fcrliche Person oder missbr\u00e4uchlich durch maschinelle und automatisierte Verarbeitung erfolgt. Der Dienst umfasst den Versand der IP-Adresse und ggf. weiterer von Google f\u00fcr den Dienst reCAPTCHA ben\u00f6tigter Daten an Google und erfolgt gem\u00e4\u00df Art. 6 Abs. 1 lit. f DSGVO auf Basis unseres berechtigten Interesses an der Feststellung der individuellen Eigenverantwortung im Internet und der Vermeidung von Missbrauch und Spam. Es kann auch im Rahmen der Nutzung von Google reCAPTCHA zu einer \u00dcbermittlung von personenbezogenen Daten an die Server der Google LLC. in den USA kommen.<br>F\u00fcr den Fall der \u00dcbermittlung von personenbezogenen Daten an die Google LLC. mit Sitz in den USA, hat sich Google LLC. f\u00fcr das us-europ\u00e4ische Datenschutz\u00fcbereinkommen \u201ePrivacy Shield\u201c zertifiziert, welches die Einhaltung des in der EU geltenden Datenschutzniveaus gew\u00e4hrleistet. Ein aktuelles Zertifikat kann unter diesem Link eingesehen werden:<a href=\"https:\/\/www.privacyshield.gov\/list\" target=\"_blank\" rel=\"noreferrer noopener\"> https:\/\/www.privacyshield.gov\/list<\/a><br>Weiterf\u00fchrende Informationen zu Google reCAPTCHA sowie die Datenschutzerkl\u00e4rung von Google k\u00f6nnen Sie unter diesem Link einsehen:<a href=\"https:\/\/www.google.com\/intl\/de\/policies\/privacy\/\" target=\"_blank\" rel=\"noreferrer noopener\"> https:\/\/www.google.com\/intl\/de\/policies\/privacy\/<\/a><\/p>\n\n\n\n<h3 class=\"wp-block-heading\">5. eCommerce und Zahlungs\u00adanbieter<\/h3>\n\n\n\n<h4 class=\"wp-block-heading\">Verarbeiten von Kunden- und Vertragsdaten<\/h4>\n\n\n\n<p>Wir erheben, verarbeiten und nutzen personenbezogene Kunden- und Vertragsdaten zur Begr\u00fcndung, inhaltlichen Ausgestaltung und \u00c4nderung unserer Vertragsbeziehungen. Personenbezogene Daten \u00fcber die Inanspruchnahme dieser Website (Nutzungsdaten) erheben, verarbeiten und nutzen wir nur, soweit dies erforderlich ist, um dem Nutzer die Inanspruchnahme des Dienstes zu erm\u00f6glichen oder abzurechnen. Rechtsgrundlage hierf\u00fcr ist Art. 6 Abs. 1 lit. b DSGVO.<\/p>\n\n\n\n<p>Die erhobenen Kundendaten werden nach Abschluss des Auftrags oder Beendigung der Gesch\u00e4ftsbeziehung und Ablauf der ggf. bestehenden gesetzlichen Aufbewahrungsfristen gel\u00f6scht. Gesetzliche Aufbewahrungsfristen bleiben unber\u00fchrt.<\/p>\n\n\n\n<h4 class=\"wp-block-heading\">Daten\u00ad\u00fcbermittlung bei Vertragsschluss f\u00fcr Online-Shops, H\u00e4ndler und Warenversand<\/h4>\n\n\n\n<p>Wenn Sie Waren bei uns bestellen, geben wir Ihre personenbezogenen Daten an das zur Lieferung betraute Transportunternehmen sowie an den mit der Zahlungsabwicklung beauftragten Zahlungsdienstleister weiter. Es werden nur solche Daten herausgegeben, die der jeweilige Dienstleister zur Erf\u00fcllung seiner Aufgabe ben\u00f6tigt. Rechtsgrundlage hierf\u00fcr ist Art. 6 Abs. 1 lit. b DSGVO, der die Verarbeitung von Daten zur Erf\u00fcllung eines Vertrags oder vorvertraglicher Ma\u00dfnahmen gestattet. Sofern Sie eine entsprechende Einwilligung nach Art. 6 Abs. 1 lit. a DSGVO erteilt haben, werden wir Ihre E-Mail-Adresse an das mit der Lieferung betraute Transportunternehmen \u00fcbergeben, damit dieses Sie per E-Mail \u00fcber den Versandstatus Ihrer Bestellung informieren kann; Sie k\u00f6nnen die Einwilligung jederzeit widerrufen.<\/p>\n\n\n\n<h4 class=\"wp-block-heading\">Daten\u00ad\u00fcbermittlung bei Vertragsschluss f\u00fcr Dienstleistungen und digitale Inhalte<\/h4>\n\n\n\n<p>Wir \u00fcbermitteln personenbezogene Daten an Dritte nur dann, wenn dies im Rahmen der Vertragsabwicklung notwendig ist, etwa an das mit der Zahlungsabwicklung beauftragte Kreditinstitut.<\/p>\n\n\n\n<p>Eine weitergehende \u00dcbermittlung der Daten erfolgt nicht bzw. nur dann, wenn Sie der \u00dcbermittlung ausdr\u00fccklich zugestimmt haben. Eine Weitergabe Ihrer Daten an Dritte ohne ausdr\u00fcckliche Einwilligung, etwa zu Zwecken der Werbung, erfolgt nicht.<\/p>\n\n\n\n<p>Grundlage f\u00fcr die Datenverarbeitung ist Art. 6 Abs. 1 lit. b DSGVO, der die Verarbeitung von Daten zur Erf\u00fcllung eines Vertrags oder vorvertraglicher Ma\u00dfnahmen gestattet.<\/p>\n\n\n\n<h4 class=\"wp-block-heading\">Zahlungsdienste<\/h4>\n\n\n\n<p>Wir binden Zahlungsdienste von Drittunternehmen auf unserer Website ein. Wenn Sie einen Kauf bei uns t\u00e4tigen, werden Ihre Zahlungsdaten (z.&nbsp;B. Name, Zahlungssumme, Kontoverbindung, Kreditkartennummer) vom Zahlungsdienstleister zum Zwecke der Zahlungsabwicklung verarbeitet. F\u00fcr diese Transaktionen gelten die jeweiligen Vertrags- und Datenschutzbestimmungen der jeweiligen Anbieter. Der Einsatz der Zahlungsdienstleister erfolgt auf Grundlage von Art. 6 Abs. 1 lit. b DSGVO (Vertragsabwicklung) sowie im Interesse eines m\u00f6glichst reibungslosen, komfortablen und sicheren Zahlungsvorgangs (Art. 6 Abs. 1 lit. f DSGVO). Soweit f\u00fcr bestimmte Handlungen Ihre Einwilligung abgefragt wird, ist Art. 6 Abs. 1 lit. a DSGVO Rechtsgrundlage der Datenverarbeitung; Einwilligungen sind jederzeit f\u00fcr die Zukunft widerrufbar.<\/p>\n\n\n\n<p>Folgende Zahlungsdienste \/ Zahlungsdienstleister setzen wir im Rahmen dieser Website ein:<\/p>\n\n\n\n<h4 class=\"wp-block-heading\">PayPal<\/h4>\n\n\n\n<p>Anbieter dieses Zahlungsdienstes ist PayPal (Europe) S.\u00e0.r.l. et Cie, S.C.A., 22-24 Boulevard Royal, L-2449 Luxembourg (im Folgenden \u201ePayPal\u201c).<\/p>\n\n\n\n<p>Die Daten\u00fcbertragung in die USA wird auf die Standardvertragsklauseln der EU-Kommission gest\u00fctzt. Details finden Sie hier:&nbsp;<a href=\"https:\/\/www.paypal.com\/de\/webapps\/mpp\/ua\/pocpsa-full\" target=\"_blank\" rel=\"noreferrer noopener\">https:\/\/www.paypal.com\/de\/webapps\/mpp\/ua\/pocpsa-full<\/a>.<\/p>\n\n\n\n<p>Details entnehmen Sie der Datenschutzerkl\u00e4rung von PayPal:&nbsp;<a href=\"https:\/\/www.paypal.com\/de\/webapps\/mpp\/ua\/privacy-full\" target=\"_blank\" rel=\"noreferrer noopener\">https:\/\/www.paypal.com\/de\/webapps\/mpp\/ua\/privacy-full<\/a>.<\/p>\n\n\n\n<h4 class=\"wp-block-heading\">Stripe<\/h4>\n\n\n\n<p>Anbieter f\u00fcr Kunden innerhalb der EU ist die Stripe Payments Europe, Ltd.,1 Grand Canal Street Lower, Grand Canal Dock, Dublin, Irland (im Folgenden \u201eStripe\u201c).<\/p>\n\n\n\n<p>Die Daten\u00fcbertragung in die USA wird auf die Standardvertragsklauseln der EU-Kommission gest\u00fctzt. Details finden Sie hier:&nbsp;<a href=\"https:\/\/stripe.com\/de\/privacy\" target=\"_blank\" rel=\"noreferrer noopener\">https:\/\/stripe.com\/de\/privacy<\/a>&nbsp;und&nbsp;<a href=\"https:\/\/stripe.com\/de\/guides\/general-data-protection-regulation\" target=\"_blank\" rel=\"noreferrer noopener\">https:\/\/stripe.com\/de\/guides\/general-data-protection-regulation<\/a>.<\/p>\n\n\n\n<p>Details hierzu k\u00f6nnen Sie in der Datenschutzerkl\u00e4rung von Stripe unter folgendem Link nachlesen:&nbsp;<a href=\"https:\/\/stripe.com\/de\/privacy\" target=\"_blank\" rel=\"noreferrer noopener\">https:\/\/stripe.com\/de\/privacy<\/a>.<\/p>\n\n\n\n<h3 class=\"wp-block-heading\" id=\"5-anderungen-der-datenschutzerklarung\">5. \u00c4nderungen der Datenschutzerkl\u00e4rung<\/h3>\n\n\n\n<p>Die fortschreitende Technik, gesetzliche Vorgaben oder auch ge\u00e4nderte Abl\u00e4ufe k\u00f6nnen sich, u. a. auch auf diese Datenschutzerkl\u00e4rung, auswirken. Wir behalten uns daher das Recht vor, diese Datenschutzerkl\u00e4rung jederzeit mit Wirkung f\u00fcr die Zukunft zu \u00e4ndern. Die jeweils aktuelle Fassung der Datenschutzerkl\u00e4rung finden Sie auf dieser Webseite. Bitte besuchen Sie diese Unterseite der Webseite regelm\u00e4\u00dfig, um sich \u00fcber die geltenden Bestimmungen zu informieren.<\/p>\n\n\n\n<p>Stand: Dezember 2024<\/p>\n","protected":false},"excerpt":{"rendered":"<p>Wir freuen uns, dass Sie unsere Webseite besuchen und bedanken uns f\u00fcr Ihr Interesse an unseren Produkten und Dienstleistungen. Ihre Privatsph\u00e4re und der damit verbundene Schutz personenbezogener Daten sind uns ein wichtiges Anliegen. Im Folgenden informieren wir Sie \u00fcber den Umgang mit Ihren personenbezogenen Daten bei Nutzung unserer Website. Personenbezogene Daten sind hierbei alle Daten,&hellip; <br \/> <a class=\"read-more\" href=\"https:\/\/www.bewa-group.de\/home\/datenschutz\/\">Read more<\/a><\/p>\n","protected":false},"author":1,"featured_media":0,"parent":0,"menu_order":0,"comment_status":"closed","ping_status":"closed","template":"","meta":{"footnotes":""},"class_list":["post-325","page","type-page","status-publish","hentry"],"_links":{"self":[{"href":"https:\/\/www.bewa-group.de\/home\/wp-json\/wp\/v2\/pages\/325","targetHints":{"allow":["GET"]}}],"collection":[{"href":"https:\/\/www.bewa-group.de\/home\/wp-json\/wp\/v2\/pages"}],"about":[{"href":"https:\/\/www.bewa-group.de\/home\/wp-json\/wp\/v2\/types\/page"}],"author":[{"embeddable":true,"href":"https:\/\/www.bewa-group.de\/home\/wp-json\/wp\/v2\/users\/1"}],"replies":[{"embeddable":true,"href":"https:\/\/www.bewa-group.de\/home\/wp-json\/wp\/v2\/comments?post=325"}],"version-history":[{"count":7,"href":"https:\/\/www.bewa-group.de\/home\/wp-json\/wp\/v2\/pages\/325\/revisions"}],"predecessor-version":[{"id":1582,"href":"https:\/\/www.bewa-group.de\/home\/wp-json\/wp\/v2\/pages\/325\/revisions\/1582"}],"wp:attachment":[{"href":"https:\/\/www.bewa-group.de\/home\/wp-json\/wp\/v2\/media?parent=325"}],"curies":[{"name":"wp","href":"https:\/\/api.w.org\/{rel}","templated":true}]}}