{"id":302,"date":"2022-01-31T21:24:55","date_gmt":"2022-01-31T21:24:55","guid":{"rendered":"https:\/\/www.bewa-group.de\/?page_id=302"},"modified":"2025-11-05T16:02:43","modified_gmt":"2025-11-05T16:02:43","slug":"sonderanfrage","status":"publish","type":"page","link":"https:\/\/www.bewa-group.de\/home\/sonderanfrage\/","title":{"rendered":"Sonderanfrage"},"content":{"rendered":"\n<p>Vielen Dank f\u00fcr Ihr Interesse am SGI-Modifikator. Dank des SGI-Modifikators k\u00f6nnen Sie nicht nur Kraft- oder Brennstoff sparen, sondern auch die Qualit\u00e4t der Abgase aus dem Motor verbessern. Lassen Sie uns gemeinsam f\u00fcr saubere Luft auf unserem Planeten sorgen! <br><br>Wenn Sie im nachfolgenden Formular detaillierte Angaben zu Ihrer Sonderanfrage, k\u00f6nnen wir Ihnen besser helfen den richtigen Modifikator zu finden. Pflichtfelder sind mit einem * gekennzeichnet. Wir melden uns schnellstm\u00f6glich bei Ihnen zur\u00fcck! <\/p>\n\n\n<div class=\"wpforms-container wpforms-container-full wpforms-block wpforms-block-df347666-da49-4b7d-9616-7cba404b13f4\" id=\"wpforms-291\"><form id=\"wpforms-form-291\" class=\"wpforms-validate wpforms-form wpforms-ajax-form\" data-formid=\"291\" method=\"post\" enctype=\"multipart\/form-data\" action=\"\/home\/wp-json\/wp\/v2\/pages\/302\" data-token=\"d89d916fbce710f92c7d2209fd1688e3\" data-token-time=\"1775279417\"><noscript class=\"wpforms-error-noscript\">Bitte aktivieren Sie JavaScript in Ihrem Browser, um dieses Formular fertigzustellen.<\/noscript><div class=\"wpforms-field-container\"><div id=\"wpforms-291-field_9-container\" class=\"wpforms-field wpforms-field-number\" data-field-id=\"9\"><label class=\"wpforms-field-label\" for=\"wpforms-291-field_9\">Anzahl der SGI-Modifikatoren<\/label><input type=\"number\" id=\"wpforms-291-field_9\" class=\"wpforms-field-medium\" name=\"wpforms[fields][9]\" step=\"any\" ><\/div><div id=\"wpforms-291-field_8-container\" class=\"wpforms-field wpforms-field-select wpforms-field-select-style-classic\" data-field-id=\"8\"><label class=\"wpforms-field-label\" for=\"wpforms-291-field_8\">Wo soll der Modifikator eingebaut werden? (Auswahl) <\/label><select id=\"wpforms-291-field_8\" class=\"wpforms-field-medium\" name=\"wpforms[fields][8]\"><option value=\"Anderes\"  selected='selected' class=\"choice-3 depth-1\"  >Anderes<\/option><option value=\"Schiff\/ Boot\"  class=\"choice-1 depth-1\"  >Schiff\/ Boot<\/option><option value=\"Motor\"  class=\"choice-2 depth-1\"  >Motor<\/option><\/select><\/div><div id=\"wpforms-291-field_4-container\" class=\"wpforms-field wpforms-field-text\" data-field-id=\"4\"><label class=\"wpforms-field-label\" for=\"wpforms-291-field_4\">Baujahr<\/label><input type=\"text\" id=\"wpforms-291-field_4\" class=\"wpforms-field-medium\" name=\"wpforms[fields][4]\" ><\/div><div id=\"wpforms-291-field_6-container\" class=\"wpforms-field wpforms-field-text\" data-field-id=\"6\"><label class=\"wpforms-field-label\" for=\"wpforms-291-field_6\">Marke und Modell <\/label><input type=\"text\" id=\"wpforms-291-field_6\" class=\"wpforms-field-medium\" name=\"wpforms[fields][6]\" ><\/div><div id=\"wpforms-291-field_7-container\" class=\"wpforms-field wpforms-field-text\" data-field-id=\"7\"><label class=\"wpforms-field-label\" for=\"wpforms-291-field_7\">Leistung des Motors (kW)<\/label><input type=\"text\" id=\"wpforms-291-field_7\" class=\"wpforms-field-medium\" name=\"wpforms[fields][7]\" ><\/div><div id=\"wpforms-291-field_5-container\" class=\"wpforms-field wpforms-field-text\" data-field-id=\"5\"><label class=\"wpforms-field-label\" for=\"wpforms-291-field_5\">Firma<\/label><input type=\"text\" id=\"wpforms-291-field_5\" class=\"wpforms-field-medium\" name=\"wpforms[fields][5]\" ><\/div><div id=\"wpforms-291-field_0-container\" class=\"wpforms-field wpforms-field-name\" data-field-id=\"0\"><label class=\"wpforms-field-label\">Name <span class=\"wpforms-required-label\">*<\/span><\/label><div class=\"wpforms-field-row wpforms-field-medium\"><div class=\"wpforms-field-row-block wpforms-first wpforms-one-half\"><input type=\"text\" id=\"wpforms-291-field_0\" class=\"wpforms-field-name-first wpforms-field-required\" name=\"wpforms[fields][0][first]\" required><label for=\"wpforms-291-field_0\" class=\"wpforms-field-sublabel after\">Vorname<\/label><\/div><div class=\"wpforms-field-row-block wpforms-one-half\"><input type=\"text\" id=\"wpforms-291-field_0-last\" class=\"wpforms-field-name-last wpforms-field-required\" name=\"wpforms[fields][0][last]\" required><label for=\"wpforms-291-field_0-last\" class=\"wpforms-field-sublabel after\">Nachname<\/label><\/div><\/div><\/div><div id=\"wpforms-291-field_1-container\" class=\"wpforms-field wpforms-field-email\" data-field-id=\"1\"><label class=\"wpforms-field-label\" for=\"wpforms-291-field_1\">E-Mail <span class=\"wpforms-required-label\">*<\/span><\/label><input type=\"email\" id=\"wpforms-291-field_1\" class=\"wpforms-field-medium wpforms-field-required\" name=\"wpforms[fields][1]\" spellcheck=\"false\" required><\/div><div id=\"wpforms-291-field_3-container\" class=\"wpforms-field wpforms-field-text\" data-field-id=\"3\"><label class=\"wpforms-field-label\" for=\"wpforms-291-field_3\">Telefon \/ Mobil <span class=\"wpforms-required-label\">*<\/span><\/label><input type=\"text\" id=\"wpforms-291-field_3\" class=\"wpforms-field-medium wpforms-field-required\" name=\"wpforms[fields][3]\" required><\/div><div id=\"wpforms-291-field_11-container\" class=\"wpforms-field wpforms-field-select wpforms-field-select-style-classic\" data-field-id=\"11\"><label class=\"wpforms-field-label\" for=\"wpforms-291-field_11\">Gew\u00fcnschte Kontaktaufnahme <span class=\"wpforms-required-label\">*<\/span><\/label><select id=\"wpforms-291-field_11\" class=\"wpforms-field-medium wpforms-field-required\" name=\"wpforms[fields][11]\" required=\"required\"><option value=\"Pers\u00f6nlicher R\u00fcckruf gew\u00fcnscht\"  class=\"choice-2 depth-1\"  >Pers\u00f6nlicher R\u00fcckruf gew\u00fcnscht<\/option><option value=\"E-Mail Antwort gew\u00fcnscht\"  class=\"choice-1 depth-1\"  >E-Mail Antwort gew\u00fcnscht<\/option><\/select><\/div><div id=\"wpforms-291-field_2-container\" class=\"wpforms-field wpforms-field-textarea\" data-field-id=\"2\"><label class=\"wpforms-field-label\" for=\"wpforms-291-field_2\">Ihre Nachricht an uns <span class=\"wpforms-required-label\">*<\/span><\/label><textarea id=\"wpforms-291-field_2\" class=\"wpforms-field-medium wpforms-field-required\" name=\"wpforms[fields][2]\" required><\/textarea><\/div><div id=\"wpforms-291-field_10-container\" class=\"wpforms-field wpforms-field-gdpr-checkbox\" data-field-id=\"10\"><label class=\"wpforms-field-label\">DSGVO-Einverst\u00e4ndnis <span class=\"wpforms-required-label\">*<\/span><\/label><ul id=\"wpforms-291-field_10\" class=\"wpforms-field-required\"><li class=\"choice-1\"><input type=\"checkbox\" id=\"wpforms-291-field_10_1\" name=\"wpforms[fields][10][]\" value=\"Ich willige ein, dass meine \u00fcbermittelten Informationen zur Beantwortung meiner Anfrage gespeichert werden.\" required ><label class=\"wpforms-field-label-inline\" for=\"wpforms-291-field_10_1\">Ich willige ein, dass meine \u00fcbermittelten Informationen zur Beantwortung meiner Anfrage gespeichert werden.<\/label><\/li><\/ul><div class=\"wpforms-field-description\">Die geltenden Datenschutzbestimmungen k\u00f6nnen unter <a href=\/datenschutz\/\">Datenschutzerkl\u00e4rung<\/a> abgerufen werden.<\/div><\/div><\/div><!-- .wpforms-field-container --><div class=\"wpforms-recaptcha-container wpforms-is-recaptcha wpforms-is-recaptcha-type-v2\" ><div class=\"g-recaptcha\" data-sitekey=\"6LdWKUYeAAAAABZ9qkSjIVPZhHMStXdezLGvNF2M\"><\/div><input type=\"text\" name=\"g-recaptcha-hidden\" class=\"wpforms-recaptcha-hidden\" style=\"position:absolute!important;clip:rect(0,0,0,0)!important;height:1px!important;width:1px!important;border:0!important;overflow:hidden!important;padding:0!important;margin:0!important;\" data-rule-recaptcha=\"1\"><\/div><div class=\"wpforms-submit-container\" ><input type=\"hidden\" name=\"wpforms[id]\" value=\"291\"><input type=\"hidden\" name=\"page_title\" value=\"\"><input type=\"hidden\" name=\"page_url\" value=\"https:\/\/www.bewa-group.de\/home\/wp-json\/wp\/v2\/pages\/302\"><input type=\"hidden\" name=\"url_referer\" value=\"\"><button type=\"submit\" name=\"wpforms[submit]\" id=\"wpforms-submit-291\" class=\"wpforms-submit\" data-alt-text=\"Sending...\" data-submit-text=\"Senden\" aria-live=\"assertive\" value=\"wpforms-submit\">Senden<\/button><img decoding=\"async\" data-src=\"https:\/\/www.bewa-group.de\/wp-content\/plugins\/wpforms-lite\/assets\/images\/submit-spin.svg\" class=\"wpforms-submit-spinner lazyload\" style=\"--smush-placeholder-width: 26px; --smush-placeholder-aspect-ratio: 26\/26;display: none;\" width=\"26\" height=\"26\" alt=\"Wird geladen\" src=\"data:image\/svg+xml;base64,PHN2ZyB3aWR0aD0iMSIgaGVpZ2h0PSIxIiB4bWxucz0iaHR0cDovL3d3dy53My5vcmcvMjAwMC9zdmciPjwvc3ZnPg==\"><\/div><\/form><\/div>  <!-- .wpforms-container -->","protected":false},"excerpt":{"rendered":"<p>Vielen Dank f\u00fcr Ihr Interesse am SGI-Modifikator. Dank des SGI-Modifikators k\u00f6nnen Sie nicht nur Kraft- oder Brennstoff sparen, sondern auch die Qualit\u00e4t der Abgase aus dem Motor verbessern. Lassen Sie uns gemeinsam f\u00fcr saubere Luft auf unserem Planeten sorgen! Wenn Sie im nachfolgenden Formular detaillierte Angaben zu Ihrer Sonderanfrage, k\u00f6nnen wir Ihnen besser helfen den&hellip; <br \/> <a class=\"read-more\" href=\"https:\/\/www.bewa-group.de\/home\/sonderanfrage\/\">Read more<\/a><\/p>\n","protected":false},"author":1,"featured_media":0,"parent":0,"menu_order":0,"comment_status":"closed","ping_status":"closed","template":"","meta":{"footnotes":""},"class_list":["post-302","page","type-page","status-publish","hentry"],"_links":{"self":[{"href":"https:\/\/www.bewa-group.de\/home\/wp-json\/wp\/v2\/pages\/302","targetHints":{"allow":["GET"]}}],"collection":[{"href":"https:\/\/www.bewa-group.de\/home\/wp-json\/wp\/v2\/pages"}],"about":[{"href":"https:\/\/www.bewa-group.de\/home\/wp-json\/wp\/v2\/types\/page"}],"author":[{"embeddable":true,"href":"https:\/\/www.bewa-group.de\/home\/wp-json\/wp\/v2\/users\/1"}],"replies":[{"embeddable":true,"href":"https:\/\/www.bewa-group.de\/home\/wp-json\/wp\/v2\/comments?post=302"}],"version-history":[{"count":1,"href":"https:\/\/www.bewa-group.de\/home\/wp-json\/wp\/v2\/pages\/302\/revisions"}],"predecessor-version":[{"id":1584,"href":"https:\/\/www.bewa-group.de\/home\/wp-json\/wp\/v2\/pages\/302\/revisions\/1584"}],"wp:attachment":[{"href":"https:\/\/www.bewa-group.de\/home\/wp-json\/wp\/v2\/media?parent=302"}],"curies":[{"name":"wp","href":"https:\/\/api.w.org\/{rel}","templated":true}]}}