{"id":225,"date":"2022-01-31T13:57:17","date_gmt":"2022-01-31T13:57:17","guid":{"rendered":"https:\/\/www.bewa-group.de\/?page_id=225"},"modified":"2025-10-08T18:42:06","modified_gmt":"2025-10-08T18:42:06","slug":"sgi-produktkatalog","status":"publish","type":"page","link":"https:\/\/www.bewa-group.de\/home\/sgi-produktkatalog\/","title":{"rendered":"SGI Produktkatalog"},"content":{"rendered":"<div  data-label=\"Content\" data-id=\"content--8\" data-export-id=\"content-12\" data-category=\"content\" class=\"content-12 content-section content-section-spacing\" id=\"content-8\" style=\"background-color: rgb(255, 255, 255);\"><div  class=\"gridContainer\"> <div  class=\"row text-center\"><div  class=\"section-title-col\" data-type=\"column\">  <p  class=\"lead\"><span style=\"font-family: arial, helvetica, sans-serif;\" >Entdecken Sie die verschiedenen Varianten und Einsatzbereiche des Kraftstoffmodifikators (KMF).\n<\/span><br ><span style=\"font-family: arial, helvetica, sans-serif;\" >F\u00fcr Produktvorf\u00fchrungen kontaktieren Sie bitte <a  data-mce-href=\"..\/direktanfrage\" href=\"https:\/\/www.bewa-group.de\/direktanfrage\" target=\"_self\" data-mce-selected=\"inline-boundary\" data-cp-link=\"1\" rel=\"noopener\" class=\"\">hier<\/a> unseren Vertrieb.<\/span><\/p><\/div> <\/div> <div  class=\"row center-xs middle-xs\"> <div  class=\"col-sm-9\" data-type=\"column\"> <\/div> <\/div><\/div> <\/div><div  data-label=\"About\" data-id=\"about--1\" data-export-id=\"about-1\" data-category=\"about\" class=\"about-1 content-section content-relative\" id=\"about-1\" style=\"background-color: rgba(52, 58, 64, 0.744); background-image: none;\" data-section-ov=\"1\"><div  class=\"section-separator-top\">\n    <svg  class=\"section-separator-top\" data-separator-name=\"triangle-asymmetrical-negative\" preserveAspectRatio=\"none\" viewBox=\"0 0 1000 100\" xmlns=\"http:\/\/www.w3.org\/2000\/svg\">\n        <path  class=\"svg-white-bg\" d=\"M737.9,94.7L0,0v100h1000V0L737.9,94.7z\"><\/path>\n    <\/svg>\n<\/div><div  class=\"gridContainer\"> <div  class=\"row text-center\"><div  class=\"section-title-col\" data-type=\"column\">   <\/div> <\/div> <div  class=\"row\"> <div  class=\"button-holder space-bottom space-bottom-small\" data-type=\"column\"> <a  class=\"button big color1\" href=\"https:\/\/www.bewa-group.de\/shop\" target=\"_self\" data-cp-link=\"1\" data-icon=\"\">JETZT ZUM SHOP<\/a><\/div> <div  class=\"col-xs bottom-xs flexbox image-group-bottom-3-img space-bottom-xs center-xs\"> <img decoding=\"async\"  class=\"left-img shadow-large-black lazyload\" data-size=\"500x300\" data-src=\"https:\/\/www.bewa-group.de\/wp-content\/uploads\/2022\/02\/cropped-cropped-anwendungsbereiche-1.jpg\" title=\"cropped-anwendungsbereiche-1.jpg\" alt=\"\" src=\"data:image\/svg+xml;base64,PHN2ZyB3aWR0aD0iMSIgaGVpZ2h0PSIxIiB4bWxucz0iaHR0cDovL3d3dy53My5vcmcvMjAwMC9zdmciPjwvc3ZnPg==\" style=\"--smush-placeholder-width: 445px; --smush-placeholder-aspect-ratio: 445\/284;\"> <img decoding=\"async\"  class=\"center-img shadow-large-black lazyload\" data-size=\"500x300\" data-src=\"https:\/\/www.bewa-group.de\/wp-content\/uploads\/2022\/02\/cropped-anwendungsbereiche.jpg\" title=\"cropped-anwendungsbereiche.jpg\" alt=\"\" src=\"data:image\/svg+xml;base64,PHN2ZyB3aWR0aD0iMSIgaGVpZ2h0PSIxIiB4bWxucz0iaHR0cDovL3d3dy53My5vcmcvMjAwMC9zdmciPjwvc3ZnPg==\" style=\"--smush-placeholder-width: 451px; --smush-placeholder-aspect-ratio: 451\/306;\"> <img decoding=\"async\"  class=\"right-img shadow-large-black lazyload\" data-size=\"500x300\" data-src=\"https:\/\/www.bewa-group.de\/wp-content\/uploads\/2022\/02\/cropped-anwendungsbereiche-2.jpg\" title=\"cropped-anwendungsbereiche-2.jpg\" alt=\"\" src=\"data:image\/svg+xml;base64,PHN2ZyB3aWR0aD0iMSIgaGVpZ2h0PSIxIiB4bWxucz0iaHR0cDovL3d3dy53My5vcmcvMjAwMC9zdmciPjwvc3ZnPg==\" style=\"--smush-placeholder-width: 452px; --smush-placeholder-aspect-ratio: 452\/306;\"><\/div> <\/div><\/div> <div  class=\"section-separator-bottom\">\n    <svg  class=\"section-separator-bottom\" data-separator-name=\"triangle-asymmetrical-negative\" preserveAspectRatio=\"none\" viewBox=\"0 0 1000 100\" xmlns=\"http:\/\/www.w3.org\/2000\/svg\">\n        <path  class=\"svg-white-bg\" d=\"M737.9,94.7L0,0v100h1000V0L737.9,94.7z\"><\/path>\n    <\/svg>\n<\/div><\/div><div  data-label=\"Content\" data-id=\"content--2\" data-export-id=\"content-2\" data-category=\"content\" class=\"content-2 content-section content-section-spacing\" id=\"content-2\" style=\"background-color: rgb(255, 255, 255); background-image: none; background-size: cover; background-position: center top;\"><div  class=\"\"> <div  class=\"row middle-xs\"><div  class=\"col-sm-5 bg-image shadow-large-black lazyload\" data-bg=\"image\" style=\"background-image:inherit;\" data-bg-image=\"url(&quot;https:\/\/www.bewa-group.de\/wp-content\/uploads\/2025\/10\/cropped-kmf_100-al.png&quot;)\"><\/div> <div  class=\"col-sm-7 full-col-left-padding full-col-right-padding\"> <div  class=\"row\"> <div  data-type=\"column\" class=\"space-bottom-small content-title-col\"> <h5  class=\"\"><span style=\"font-family: arial, helvetica, sans-serif;\" >Produktbezeichnung<\/span><\/h5> <h2  class=\"\" style=\"border-bottom-color: rgb(179, 63, 72);\"><span  style=\"font-weight: 600;\">KMF-100-AL<\/span><\/h2> <p  class=\"\"><span  style=\"font-weight: 400; font-family: arial, helvetica, sans-serif;\"><span  style=\"font-weight: 600;\">\u2022<\/span> F\u00fcr Fahrzeuge bis zu 1 t zul\u00e4ssiges Gesamtgewicht\n<\/span><br ><span  style=\"font-weight: 400; font-family: arial, helvetica, sans-serif;\"><span  style=\"font-weight: 600;\">\u2022<\/span> Geeignet f\u00fcr den Einsatz in warmen und kalten Regionen<\/span><br ><span  style=\"font-weight: 400;\"><span  style=\"font-weight: 600;\"><\/span><\/span><\/p><\/div> <\/div> <div  class=\"row spaced-cols \" data-type=\"row\"> <div  class=\"col-xs-6 col-md-12\" data-type=\"column\"> <h5  class=\"\"><span  style=\"font-family: arial, helvetica, sans-serif; font-weight: 700;\">Innen-\/ Au\u00dfendurchmesser zum Anschluss an Kraftstoffleitung<\/span><\/h5> <p  class=\"\"><span  style=\"font-weight: 400; font-family: arial, helvetica, sans-serif;\">10 mm \/ 8 mm<\/span><\/p><\/div> <div  class=\"col-xs-6 col-md-12\" data-type=\"column\"><h5  class=\"\"><span  style=\"font-family: arial, helvetica, sans-serif; font-weight: 700;\">Material Au\u00dfenh\u00fclle<\/span><\/h5> <p  class=\"\"><span style=\"font-family: arial, helvetica, sans-serif;\" >Aluminium<\/span><\/p><\/div>   <div  class=\"col-xs-6 col-md-12\" data-type=\"column\"> <h5  class=\"\"><span  style=\"font-family: arial, helvetica, sans-serif; font-weight: 700;\">Anwendungsbereich<\/span><\/h5> <img  decoding=\"async\" class=\"custom-image lazyload\" data-src=\"https:\/\/www.bewa-group.de\/wp-content\/uploads\/2022\/02\/einsatz_1t.png\" title=\"einsatz_1t\" alt=\"\" src=\"data:image\/svg+xml;base64,PHN2ZyB3aWR0aD0iMSIgaGVpZ2h0PSIxIiB4bWxucz0iaHR0cDovL3d3dy53My5vcmcvMjAwMC9zdmciPjwvc3ZnPg==\" style=\"--smush-placeholder-width: 227px; --smush-placeholder-aspect-ratio: 227\/70;\"><\/div><\/div><\/div> <\/div><\/div> <\/div><div  data-label=\"Content\" data-id=\"content--3\" data-export-id=\"content-3\" data-category=\"content\" class=\"content-3 content-section content-section-spacing\" id=\"content-3\" style=\"background-color: rgb(246, 246, 246); background-image: none;\"><div  class=\"\"> <div  class=\"row middle-xs\"><div  class=\"col-sm-7 full-col-left-padding full-col-right-padding\"> <div  class=\"row\"><div  data-type=\"column\" class=\"space-bottom-small content-title-col\"> <h5  class=\"\">Produktbezeichnung<\/h5> <h2  class=\"\" style=\"border-bottom-color: rgb(179, 63, 72);\">KMF-350-PL<\/h2> <p  class=\"\"><span style=\"font-family: arial, helvetica, sans-serif;\" >\u2022 F\u00fcr Fahrzeuge bis zu 3,5 t zul\u00e4ssiges Gesamtgewicht<\/span><br ><span style=\"font-family: arial, helvetica, sans-serif;\" >\n\u2022 Geeignet f\u00fcr den Einsatz in warmen und kalten Regionen<\/span><\/p><\/div> <\/div> <div  class=\"row spaced-cols\" data-type=\"row\"> <div  class=\"col-xs-6 col-md-12\" data-type=\"column\"> <h5  class=\"\"><span style=\"font-family: arial, helvetica, sans-serif;\" >Au\u00dfen-\/ Innendurchmesser zum Anschluss an Kraftstoffleitung<\/span><\/h5> <p  class=\"\"><span style=\"font-family: arial, helvetica, sans-serif;\" >10 mm \/ 8 mm<\/span><\/p><\/div> <div  class=\"col-xs-6 col-md-12\" data-type=\"column\"><h5  class=\"\"><span style=\"font-family: arial, helvetica, sans-serif;\" >Material Au\u00dfenh\u00fclle<\/span><\/h5> <p  class=\"\"><span style=\"font-family: arial, helvetica, sans-serif;\" >Kunststoff<\/span><\/p><\/div>   <div  class=\"col-xs-6 col-md-12\" data-type=\"column\"> <h5  class=\"\"><span style=\"font-family: arial, helvetica, sans-serif;\" >Anwendungsbereich<\/span><\/h5> <img  decoding=\"async\" class=\"custom-image lazyload\" data-src=\"https:\/\/www.bewa-group.de\/wp-content\/uploads\/2022\/01\/einsatz_3.5t.JPG.png\" title=\"einsatz_3.5t.JPG\" alt=\"\" src=\"data:image\/svg+xml;base64,PHN2ZyB3aWR0aD0iMSIgaGVpZ2h0PSIxIiB4bWxucz0iaHR0cDovL3d3dy53My5vcmcvMjAwMC9zdmciPjwvc3ZnPg==\" style=\"--smush-placeholder-width: 250px; --smush-placeholder-aspect-ratio: 250\/66;\"><\/div><\/div><\/div> <div  class=\"col-sm-5 bg-image shadow-large-black revert-classes-holder lazyload\" data-bg=\"image\" style=\"background-image:inherit;\" data-bg-image=\"url(&quot;https:\/\/www.bewa-group.de\/wp-content\/uploads\/2025\/10\/kmf_350-pl.png&quot;)\"><\/div><\/div> <\/div><\/div><div  data-label=\"Content\" data-id=\"content--4\" data-export-id=\"content-2\" data-category=\"content\" class=\"content-2 content-section content-section-spacing\" id=\"content-4\" style=\"background-color: rgb(255, 255, 255); background-image: none;\"><div > <div  class=\"row middle-xs\"><div  class=\"col-sm-5 bg-image shadow-large-black lazyload\" data-bg=\"image\" style=\"background-image:inherit;\" data-bg-image=\"url(&quot;https:\/\/www.bewa-group.de\/wp-content\/uploads\/2025\/10\/kmf-1200-al.png&quot;)\"><\/div> <div  class=\"col-sm-7 full-col-left-padding full-col-right-padding\"> <div  class=\"row\"> <div  data-type=\"column\" class=\"space-bottom-small content-title-col\"> <h5  class=\"\"><span style=\"font-family: arial, helvetica, sans-serif;\" >Produktbezeichnung<\/span><\/h5> <h2  class=\"\" style=\"border-bottom-color: rgb(179, 63, 72);\">KMF-1200-AL <\/h2> <p  class=\"\"><span style=\"font-family: arial, helvetica, sans-serif;\" >\u2022 F\u00fcr Fahrzeuge bis zu 12 t zul\u00e4ssiges Gesamtgewicht<\/span><br ><span style=\"font-family: arial, helvetica, sans-serif;\" >\n\u2022 Geeignet f\u00fcr den Einsatz in warmen und kalten Regionen<\/span> <\/p><\/div> <\/div> <div  class=\"row spaced-cols \" data-type=\"row\"> <div  class=\"col-xs-6 col-md-12\" data-type=\"column\"> <h5  class=\"\"><span style=\"font-family: arial, helvetica, sans-serif;\" >Au\u00dfen-\/ Innendurchmesser zum Anschluss an Kraftstoffleitung<\/span><\/h5> <p  class=\"\"><span style=\"font-family: arial, helvetica, sans-serif;\" >12 mm \/ 10 mm<\/span><\/p><\/div> <div  class=\"col-xs-6 col-md-12\" data-type=\"column\"><h5  class=\"\"><span style=\"font-family: arial, helvetica, sans-serif;\" >Material Au\u00dfenh\u00fclle<\/span> <\/h5> <p  class=\"\"><span style=\"font-family: arial, helvetica, sans-serif;\" >Aluminium<\/span><\/p><\/div>   <div  class=\"col-xs-6 col-md-12\" data-type=\"column\"> <h5  class=\"\"><span style=\"font-family: arial, helvetica, sans-serif;\" >Anwendungsbereich<\/span><\/h5> <img  decoding=\"async\" class=\"custom-image lazyload\" data-src=\"https:\/\/www.bewa-group.de\/wp-content\/uploads\/2022\/02\/einsatz_12t-pl.JPG.png\" title=\"einsatz_12t-pl.JPG\" alt=\"\" src=\"data:image\/svg+xml;base64,PHN2ZyB3aWR0aD0iMSIgaGVpZ2h0PSIxIiB4bWxucz0iaHR0cDovL3d3dy53My5vcmcvMjAwMC9zdmciPjwvc3ZnPg==\" style=\"--smush-placeholder-width: 376px; --smush-placeholder-aspect-ratio: 376\/65;\"><\/div><\/div><\/div> <\/div><\/div> <\/div><div  data-label=\"Content\" data-id=\"content--6\" data-export-id=\"content-3\" data-category=\"content\" class=\"content-3 content-section content-section-spacing\" id=\"content-6\" style=\"background-color: rgb(246, 246, 246); background-image: none;\"><div > <div  class=\"row middle-xs\"><div  class=\"col-sm-7 full-col-left-padding full-col-right-padding\"> <div  class=\"row\"><div  data-type=\"column\" class=\"space-bottom-small content-title-col\"> <h5  class=\"\"><span style=\"font-family: arial, helvetica, sans-serif;\" >Produktbezeichnung<\/span><\/h5> <h2  class=\"\" style=\"border-bottom-color: rgb(179, 63, 72);\">KMF-1200-PL<\/h2> <p  class=\"\"><span style=\"font-family: arial, helvetica, sans-serif;\" >\u2022 F\u00fcr Fahrzeuge bis zu 12 t zul\u00e4ssiges Gesamtgewicht<\/span><br ><span style=\"font-family: arial, helvetica, sans-serif;\" >\n\u2022 Geeignet f\u00fcr den Einsatz in warmen und kalten Regionen<\/span><br ><span style=\"font-family: arial, helvetica, sans-serif;\" >\n\u2022 Geeignet f\u00fcr den Einsatz in \u00d6lheizsystemen<\/span><\/p><\/div> <\/div> <div  class=\"row spaced-cols\" data-type=\"row\"> <div  class=\"col-xs-6 col-md-12\" data-type=\"column\"> <h5  class=\"\"><span style=\"font-family: arial, helvetica, sans-serif;\" >Au\u00dfen-\/ Innendurchmesser zum Anschluss an Kraftstoffleitung<\/span><\/h5> <p  class=\"\"><span style=\"font-family: arial, helvetica, sans-serif;\" >12 mm \/ 8 mm oder 14 mm \/ 10,5 mm<\/span><\/p><\/div> <div  class=\"col-xs-6 col-md-12\" data-type=\"column\"><h5  class=\"\"><span style=\"font-family: arial, helvetica, sans-serif;\" >Material Au\u00dfenh\u00fclle<\/span><\/h5> <p  class=\"\"><span style=\"font-family: arial, helvetica, sans-serif;\" >Kunststoff (Lieferung mit zwei Einschraubfittingen);<\/span><br ><span style=\"font-family: arial, helvetica, sans-serif;\" >\nvariable Anschlussverschraubung m\u00f6glich<\/span><\/p><\/div>   <div  class=\"col-xs-6 col-md-12\" data-type=\"column\"> <h5  class=\"\"><span style=\"font-family: arial, helvetica, sans-serif;\" >Anwendungsbereich<\/span><\/h5> <img  decoding=\"async\" class=\"custom-image lazyload\" data-src=\"https:\/\/www.bewa-group.de\/wp-content\/uploads\/2022\/01\/einsatz_12t-al.JPG.png\" title=\"einsatz_12t-al.JPG\" alt=\"\" src=\"data:image\/svg+xml;base64,PHN2ZyB3aWR0aD0iMSIgaGVpZ2h0PSIxIiB4bWxucz0iaHR0cDovL3d3dy53My5vcmcvMjAwMC9zdmciPjwvc3ZnPg==\" style=\"--smush-placeholder-width: 337px; --smush-placeholder-aspect-ratio: 337\/69;\"><\/div><\/div><\/div> <div  class=\"col-sm-5 bg-image shadow-large-black revert-classes-holder lazyload\" data-bg=\"image\" style=\"background-image:inherit;\" data-bg-image=\"url(&quot;https:\/\/www.bewa-group.de\/wp-content\/uploads\/2025\/10\/kmf_1200-pl.png&quot;)\"><\/div><\/div> <\/div><\/div><div  data-label=\"Content\" data-id=\"content--5\" data-export-id=\"content-2\" data-category=\"content\" class=\"content-2 content-section content-section-spacing\" id=\"content-5\" style=\"background-color: rgb(255, 255, 255); background-image: none;\"><div > <div  class=\"row middle-xs\"><div  class=\"col-sm-5 bg-image shadow-large-black lazyload\" data-bg=\"image\" style=\"background-image:inherit;\" data-bg-image=\"url(&quot;https:\/\/www.bewa-group.de\/wp-content\/uploads\/2025\/10\/kmf-4400-al.png&quot;)\"><\/div> <div  class=\"col-sm-7 full-col-left-padding full-col-right-padding\"> <div  class=\"row\"> <div  data-type=\"column\" class=\"space-bottom-small content-title-col\"> <h5  class=\"\"><span style=\"font-family: arial, helvetica, sans-serif;\" >Produktbezeichnung<\/span><\/h5> <h2  class=\"\" style=\"border-bottom-color: rgb(179, 63, 72);\">KMF-4400-AL<\/h2> <p  class=\"\"><span style=\"font-family: arial, helvetica, sans-serif;\" >\u2022 F\u00fcr Fahrzeuge bis zu 44 t zul\u00e4ssiges Gesamtgewicht<\/span><br ><span style=\"font-family: arial, helvetica, sans-serif;\" >\n\u2022 Geeignet f\u00fcr den Einsatz in warmen und kalten Regionen<\/span><br ><span style=\"font-family: arial, helvetica, sans-serif;\" >\n\u2022 Geeignet f\u00fcr den Einsatz in \u00d6lheizsystemen<\/span><\/p><\/div> <\/div> <div  class=\"row spaced-cols \" data-type=\"row\"> <div  class=\"col-xs-6 col-md-12\" data-type=\"column\"> <h5  class=\"\"><span style=\"font-family: arial, helvetica, sans-serif;\" >Innen-\/ Au\u00dfendurchmesser zum Anschluss an Kraftstoffleitung<\/span><\/h5> <p  class=\"\"><span style=\"font-family: arial, helvetica, sans-serif;\" >12 mm \/ 10 mm<\/span><span id=\"_mce_caret\" data-mce-bogus=\"1\" data-mce-type=\"format-caret\" ><span style=\"font-family: arial, helvetica, sans-serif;\" >\ufeff<\/span><\/span><\/p><\/div> <div  class=\"col-xs-6 col-md-12\" data-type=\"column\"><h5  class=\"\"><span style=\"font-family: arial, helvetica, sans-serif;\" >Material Au\u00dfenh\u00fclle<\/span><\/h5> <p  class=\"\"><span style=\"font-family: arial, helvetica, sans-serif;\" >Aluminium<\/span><\/p><\/div>   <div  class=\"col-xs-6 col-md-12\" data-type=\"column\"> <h5  class=\"\"><span style=\"font-family: arial, helvetica, sans-serif;\" >Anwendungsbereich<\/span><\/h5> <img  decoding=\"async\" class=\"custom-image lazyload\" data-src=\"https:\/\/www.bewa-group.de\/wp-content\/uploads\/2022\/01\/einsatz_44t-al.JPG.png\" title=\"einsatz_44t-al.JPG\" alt=\"\" src=\"data:image\/svg+xml;base64,PHN2ZyB3aWR0aD0iMSIgaGVpZ2h0PSIxIiB4bWxucz0iaHR0cDovL3d3dy53My5vcmcvMjAwMC9zdmciPjwvc3ZnPg==\" style=\"--smush-placeholder-width: 497px; --smush-placeholder-aspect-ratio: 497\/73;\"><\/div><\/div><\/div> <\/div><\/div> <\/div><div  data-label=\"Cta\" data-id=\"cta--1\" data-export-id=\"cta-centered-bg-section\" data-category=\"cta\" data-section-ov=\"1\" class=\"cta-centered-bg-section content-section content-section-spacing-medium white-text lazyload\" data-parallax-depth=\"20\" id=\"cta-1\" style=\"background-color: rgb(245, 250, 253); background-image:inherit; background-size: cover; background-position: center top;\" data-bg-image=\"url(&quot;https:\/\/www.bewa-group.de\/wp-content\/uploads\/2022\/01\/contact-us-g26c1f5013_640.jpg&quot;)\"><div  class=\"gridContainer\"><div  data-section-title-area=\"true\" class=\"row text-center\">   <div  class=\"section-title-col\" data-type=\"column\">       <h2  class=\"\" style=\"border-bottom-color: rgb(179, 63, 72);\"><span style=\"font-family: arial, helvetica, sans-serif;\" >Haben Sie Interesse oder R\u00fcckfragen<\/span>?<\/h2>       <p  class=\"lead\"><span style=\"font-family: arial, helvetica, sans-serif;\" >Die individuelle, fachliche und l\u00f6sungsorientierte Produktberatung hat bei uns oberste Priorit\u00e4t.\n<\/span><br ><br ><span style=\"font-family: arial, helvetica, sans-serif;\" >Kontaktieren Sie uns per Telefon, E-Mail oder Kontaktformular und<\/span><br ><span style=\"font-family: arial, helvetica, sans-serif;\" >\nlernen Sie auch unseren kompetenten und kundenfreundlichen Service kennen.<\/span><\/p>   <\/div><\/div> <div  class=\"row text-center\"><div  data-type=\"column\" class=\"\">  <a  class=\"button big force-shadow color1 round\" href=\"https:\/\/www.bewa-group.de\/kontakt\" target=\"_self\" data-cp-link=\"1\" data-icon=\"\" rel=\"noopener\">KONKTAKTIEREN SIE UNS<\/a><\/div> <\/div><\/div> <\/div><div  data-label=\"Cta\" data-id=\"cta--3\" data-export-id=\"cta-blue-section\" data-category=\"cta\" class=\"cta-blue-section content-section content-section-spacing-medium bg-color1 white-text\" id=\"cta-3\" style=\"background-image: none; background-color: rgb(246, 246, 246);\"><div  class=\"gridContainer\"> <div  class=\"row middle-xs\"><div  class=\"col-sm-8 space-bottom-xs\" data-type=\"column\"> <h2  class=\"\" style=\"border-bottom-color: rgb(255, 255, 255);\"><span  style=\"font-family: arial, helvetica, sans-serif; font-weight: 600; color: rgb(179, 63, 72);\">Sonderanfragen<\/span> <span  class=\"font-300\"><\/span><\/h2> <p  class=\"\"><span  style=\"font-family: Open Sans, arial, helvetica, sans-serif; color: rgb(52, 58, 64);\"><span style=\"font-family: arial, helvetica, sans-serif;\" >Bei Anfragen f\u00fcr \u00d6lheizungssysteme, den See- und Binnenschifftransport, Schienentransport oder f\u00fcr Sondertechnik mit Motoren ab 600 kW, stellen Sie bitte ein separate Anfrage \u00fcber das gesonderte Formular rechts.<\/span> <\/span><\/p><\/div> <div  class=\"col-sm-4 end-sm\" data-type=\"column\"> <a  class=\"button big force-shadow color1 white-text round\" href=\"https:\/\/www.bewa-group.de\/sonderanfrage\" target=\"_self\" data-cp-link=\"1\" data-icon=\"fa-angle-double-right\" rel=\"noopener\"><span  class=\"button-icon fa fa-angle-double-right\"><\/span>ZUM FORMULAR SONDERANFRAGE<\/a><\/div> <\/div><\/div> <\/div>","protected":false},"excerpt":{"rendered":"<p>Entdecken Sie die verschiedenen Varianten und Einsatzbereiche des Kraftstoffmodifikators (KMF). F\u00fcr Produktvorf\u00fchrungen kontaktieren Sie bitte hier unseren Vertrieb. JETZT ZUM SHOP Produktbezeichnung KMF-100-AL \u2022 F\u00fcr Fahrzeuge bis zu 1 t zul\u00e4ssiges Gesamtgewicht \u2022 Geeignet f\u00fcr den Einsatz in warmen und kalten Regionen Innen-\/ Au\u00dfendurchmesser zum Anschluss an Kraftstoffleitung 10 mm \/ 8 mm Material Au\u00dfenh\u00fclle&hellip; <br \/> <a class=\"read-more\" href=\"https:\/\/www.bewa-group.de\/home\/sgi-produktkatalog\/\">Read more<\/a><\/p>\n","protected":false},"author":1,"featured_media":0,"parent":0,"menu_order":0,"comment_status":"closed","ping_status":"closed","template":"pro\/page-templates\/full-width-page.php","meta":{"footnotes":""},"class_list":["post-225","page","type-page","status-publish","hentry"],"_links":{"self":[{"href":"https:\/\/www.bewa-group.de\/home\/wp-json\/wp\/v2\/pages\/225","targetHints":{"allow":["GET"]}}],"collection":[{"href":"https:\/\/www.bewa-group.de\/home\/wp-json\/wp\/v2\/pages"}],"about":[{"href":"https:\/\/www.bewa-group.de\/home\/wp-json\/wp\/v2\/types\/page"}],"author":[{"embeddable":true,"href":"https:\/\/www.bewa-group.de\/home\/wp-json\/wp\/v2\/users\/1"}],"replies":[{"embeddable":true,"href":"https:\/\/www.bewa-group.de\/home\/wp-json\/wp\/v2\/comments?post=225"}],"version-history":[{"count":12,"href":"https:\/\/www.bewa-group.de\/home\/wp-json\/wp\/v2\/pages\/225\/revisions"}],"predecessor-version":[{"id":1559,"href":"https:\/\/www.bewa-group.de\/home\/wp-json\/wp\/v2\/pages\/225\/revisions\/1559"}],"wp:attachment":[{"href":"https:\/\/www.bewa-group.de\/home\/wp-json\/wp\/v2\/media?parent=225"}],"curies":[{"name":"wp","href":"https:\/\/api.w.org\/{rel}","templated":true}]}}