{"id":1359,"date":"2024-12-19T20:28:58","date_gmt":"2024-12-19T20:28:58","guid":{"rendered":"https:\/\/www.bewa-group.de\/versandarten\/"},"modified":"2024-12-20T11:43:41","modified_gmt":"2024-12-20T11:43:41","slug":"versand_zahlung","status":"publish","type":"page","link":"https:\/\/www.bewa-group.de\/home\/versand_zahlung\/","title":{"rendered":"Lieferung und Zahlung"},"content":{"rendered":"\n<p><\/p>\n\n\n\n<p><\/p>\n\n\n\n<h3 class=\"wp-block-heading\"><span style=\"font-family: arial, helvetica, sans-serif;\">Lieferbedingungen + Versandkosten<\/span><\/h3>\n\n\n\n<div class=\"wp-block-group\"><div class=\"wp-block-group__inner-container is-layout-constrained wp-block-group-is-layout-constrained\">\n<ul class=\"wp-block-list\">\n<li>Wir halten Sie immer bestm\u00f6glich auf dem Laufenden \u00fcber die <strong>voraussichtliche Lieferzeit<\/strong> und den aktuellen Status Ihrer Bestellung. Zudem haben Sie die M\u00f6glichkeit anhand einer Sendungsnummer die Lieferung \u00fcber unseren Paketdienstleister DHL nachzuverfolgen. Die Sendungsnummer und den Link zur Nachverfolgung, erhalten Sie per E-Mail mit der Versandbest\u00e4tigung.<\/li>\n<\/ul>\n<\/div><\/div>\n\n\n\n<ul class=\"wp-block-list\">\n<li>Die <strong>Versandkosten<\/strong> unterscheiden sich je <strong>Lieferland<\/strong>. Innerhalb Deutschland erfolgt die Lieferung kostenfrei zu Ihnen nach Hause. Individuelle Versandkosten werden beim Checkout im Kassenbereich angegeben.<\/li>\n<\/ul>\n\n\n\n<ul class=\"wp-block-list\">\n<li>Hinweis: Bei einem Versand in das Nicht-EU-Ausland k\u00f6nnen im Rahmen Ihrer Bestellung zus\u00e4tzliche Steuern oder Kosten (z. B. Z\u00f6lle) anfallen.<\/li>\n<\/ul>\n\n\n\n<h3 class=\"wp-block-heading\"><span style=\"font-family: arial, helvetica, sans-serif;\">Zahlungsmodalit\u00e4ten<\/span><\/h3>\n\n\n\n<p>Sicher &amp; einfach bezahlen. Alle m\u00f6glichen Zahlungsarten werden w\u00e4hrend des Bestellvorgangs angezeigt. Sie entscheiden, wie Sie am liebsten bezahlten m\u00f6chten:<\/p>\n\n\n\n<ul class=\"wp-block-list\">\n<li><strong>Zahlung per PayPal<\/strong><br><br>PayPal ist ein Online-Zahlungsservice, mit dem Sie sicher, einfach und schnell bezahlen k\u00f6nnen. Bei Zahlung per PayPal werden Sie am Ende des Bestellvorganges auf bewa-group.de unmittelbar auf die PayPal-Seite weitergeleitet. Wenn Sie bereits PayPal-Kunde sind, k\u00f6nnen Sie sich dort mit Ihren PayPal-Benutzerdaten anmelden und die Zahlung best\u00e4tigen. Wenn Sie noch kein PayPal-Kunde sind, k\u00f6nnen Sie w\u00e4hrend des Bestellprozesses ein PayPal-Konto er\u00f6ffnen und anschlie\u00dfend die Zahlung best\u00e4tigen.<\/li>\n<\/ul>\n\n\n\n<ul class=\"wp-block-list\">\n<li><strong>Zahlungen per Kreditkarte<\/strong><br><br>Es werden folgende Kreditkarten akzeptiert: VISA, Mastercard, American Express<br><br>F\u00fcr die Zahlung mit Kreditkarte ben\u00f6tigen Sie die 16-stellige Kartennummer, den G\u00fcltigkeitszeitraum und die Pr\u00fcfziffer, auch CVV\/CVC genannt. Bei VISA und MasterCard entspricht die Pr\u00fcfziffer den drei Ziffern neben dem Signaturfeld auf der Kartenr\u00fcckseite. Auf der American Express Karte befindet sich die 4-stellige Pr\u00fcfziffer auf der Vorderseite, rechts \u00fcber der Pr\u00e4gung der Kartennummer. Ihre Daten werden mittels des sicheren SSL-Verschl\u00fcsselungsverfahrens gesch\u00fctzt und umgehend verarbeitet.<br>Bei einer erfolgreichen Bezahlung mittels Kreditkarte wird der Rechnungsbetrag bei Versand der Ware von Ihrem Kreditkarten-Konto abgebucht.<\/li>\n<\/ul>\n\n\n\n<ul class=\"wp-block-list\">\n<li><strong>Zahlung per \u00dcberweisung<\/strong> <strong>(Vorkasse)<\/strong><br><br>Nutzen Sie f\u00fcr die \u00dcberweisung einfach unsere Bankdaten und Ihre Bestellnummer. Unsere Bankverbindung f\u00fcr die \u00dcberweisung wird nach der Bestellung per E-Mail zugesendet.<\/li>\n<\/ul>\n\n\n\n<p>&nbsp;<\/p>\n\n\n\n<p><\/p>\n","protected":false},"excerpt":{"rendered":"<p>Lieferbedingungen + Versandkosten Zahlungsmodalit\u00e4ten Sicher &amp; einfach bezahlen. Alle m\u00f6glichen Zahlungsarten werden w\u00e4hrend des Bestellvorgangs angezeigt. Sie entscheiden, wie Sie am liebsten bezahlten m\u00f6chten: &nbsp;<\/p>\n","protected":false},"author":1,"featured_media":0,"parent":0,"menu_order":0,"comment_status":"closed","ping_status":"closed","template":"pro\/page-templates\/full-width-page.php","meta":{"footnotes":""},"class_list":["post-1359","page","type-page","status-publish","hentry"],"_links":{"self":[{"href":"https:\/\/www.bewa-group.de\/home\/wp-json\/wp\/v2\/pages\/1359","targetHints":{"allow":["GET"]}}],"collection":[{"href":"https:\/\/www.bewa-group.de\/home\/wp-json\/wp\/v2\/pages"}],"about":[{"href":"https:\/\/www.bewa-group.de\/home\/wp-json\/wp\/v2\/types\/page"}],"author":[{"embeddable":true,"href":"https:\/\/www.bewa-group.de\/home\/wp-json\/wp\/v2\/users\/1"}],"replies":[{"embeddable":true,"href":"https:\/\/www.bewa-group.de\/home\/wp-json\/wp\/v2\/comments?post=1359"}],"version-history":[{"count":6,"href":"https:\/\/www.bewa-group.de\/home\/wp-json\/wp\/v2\/pages\/1359\/revisions"}],"predecessor-version":[{"id":1410,"href":"https:\/\/www.bewa-group.de\/home\/wp-json\/wp\/v2\/pages\/1359\/revisions\/1410"}],"wp:attachment":[{"href":"https:\/\/www.bewa-group.de\/home\/wp-json\/wp\/v2\/media?parent=1359"}],"curies":[{"name":"wp","href":"https:\/\/api.w.org\/{rel}","templated":true}]}}