{"id":106,"date":"2022-01-30T19:38:58","date_gmt":"2022-01-30T19:38:58","guid":{"rendered":"https:\/\/www.bewa-group.de\/?page_id=106"},"modified":"2025-11-05T17:02:14","modified_gmt":"2025-11-05T17:02:14","slug":"sgi-kraftstoffmodifikator","status":"publish","type":"page","link":"https:\/\/www.bewa-group.de\/home\/sgi-kraftstoffmodifikator\/","title":{"rendered":"SGI-Kraftstoffmodifikator"},"content":{"rendered":"<div  data-label=\"Content\" data-id=\"content--1\" data-export-id=\"content-2\" data-category=\"content\" class=\"content-2 content-section content-section-spacing\" id=\"content-1\" style=\"background-color: rgb(255, 255, 255);\"><div > <div  class=\"row middle-xs\"><div  class=\"col-sm-5 bg-image shadow-large-black lazyload\" data-bg=\"image\" style=\"background-image:inherit;\" data-bg-image=\"url(&quot;https:\/\/www.bewa-group.de\/wp-content\/uploads\/2022\/02\/cropped-kraftstoffmodifikator.png&quot;)\"><\/div> <div  class=\"col-sm-7 full-col-left-padding full-col-right-padding\"> <div  class=\"row\"> <div  data-type=\"column\" class=\"space-bottom-small content-title-col\"> <h5  class=\"\"><span style=\"font-family: arial, helvetica, sans-serif;\" >MOBILTI\u00c4T &amp; UMWELTSCHUTZ<\/span><\/h5> <h2  class=\"\" style=\"border-bottom-color: rgb(179, 63, 72);\"><span style=\"font-family: arial, helvetica, sans-serif;\" >SGI Kraftstoffmodifikator<\/span><\/h2> <p  class=\"\"><span style=\"font-family: arial, helvetica, sans-serif;\" >Der SGI-Kraftstoffmodifikator ist ein Modul, das nachtr\u00e4glich in alle Fahrzeuge und Aggregate mit Benzin- oder Dieselmotor wie auch in \u00d6lheizungssysteme eingebaut werden kann. Ebenfalls geeignet bei Verwendung anderer fl\u00fcssiger Kraftstoffe wie Ethanol und Kerosin.&nbsp;<\/span> <\/p><\/div> <\/div> <div  class=\"row spaced-cols \" data-type=\"row\"> <div  class=\"col-xs-6\" data-type=\"column\"> <h5  class=\"\"><span style=\"font-family: arial, helvetica, sans-serif;\" >Made in Germany<\/span><\/h5> <p  class=\"\"><span style=\"font-family: arial, helvetica, sans-serif;\" >Die Herstellung in Deutschland garantiert&nbsp; Qualit\u00e4t, Sicherheit und Langlebigkeit.<\/span><\/p><\/div> <div  class=\"col-xs-6\" data-type=\"column\"><h5  class=\"\"><span style=\"font-family: arial, helvetica, sans-serif;\" >Keine Wartung n\u00f6tig<\/span><\/h5> <p  class=\"\"><span style=\"font-family: arial, helvetica, sans-serif;\" >Bei fachgerechtem Einbau ist das Modul vollkommen wartungsfrei.<\/span><\/p><\/div> <div  class=\"col-xs-6\" data-type=\"column\"><h5  class=\"\"><span style=\"font-family: arial, helvetica, sans-serif;\" >Hohe Wirtschaftlichkeit<\/span><\/h5> <p  class=\"\"><span style=\"font-family: arial, helvetica, sans-serif;\" >Durschschnittliche Senkung des Kraftstoffverbrauchs um ca. 10-20%.<\/span><\/p><\/div> <div  class=\"col-xs-6\" data-type=\"column\"><h5  class=\"\"><span style=\"font-family: arial, helvetica, sans-serif;\" >Sicherheit<\/span><\/h5> <p  class=\"\"><span style=\"font-family: arial, helvetica, sans-serif;\" >Die Unbedenklichkeit ist durch T\u00dcV und DEKRA getestet und best\u00e4tigt.<\/span><\/p><\/div> <\/div><\/div> <\/div><\/div> <\/div><div  data-label=\"Features\" data-id=\"features--2\" data-export-id=\"features-12\" data-category=\"features\" class=\"features-12 content-section content-section-spacing \" id=\"features-2\" style=\"background-color: rgb(255, 255, 255);\"><div  class=\"gridContainer\"> <div  class=\"row text-center\"><div  class=\"section-title-col\" data-type=\"column\"> <h2  class=\"\" style=\"border-bottom-color: rgb(178, 63, 71);\"><span style=\"font-family: arial, helvetica, sans-serif;\" >Der Verbrennungsprozess heute<\/span><\/h2> <p  class=\"lead\" style=\"text-align: left;\"><span style=\"font-family: arial, helvetica, sans-serif;\" >Beim Verbrennungsprozess entstehen in den Abgasen \u2013 zum Teil durch unvollst\u00e4ndige Verbrennung oder bestimmte chemische Nebenreaktionen \u2013 mehrere unerw\u00fcnschte Nebenprodukte, wie Kohlenwasserstoffe, Kohlenmonoxid sowie Stickoxide. Zudem bilden sich Ru\u00dfpartikel und beim Verbrennungsprozess entsteht das klimasch\u00e4dliche Kohlendioxid. \r\n<\/span><br ><br ><span style=\"font-family: arial, helvetica, sans-serif;\" >Um den Schadstoffgehalt der Abgase von Verbrennungsmotoren reduzieren zu k\u00f6nnen, werden heutzutage Abgaskatalysatoren verwendet, die unerw\u00fcnschte Partikel nach der Verbrennung isolieren. Allerdings vermindert dieser Prozess die Motorleistung und erh\u00f6ht den Kraftstoffverbrauch. Dem wirkt der SGI-Modifikator entgegen, indem er den Verbrauch reduziert und die Leistung erh\u00f6ht.<\/span> <\/p><\/div> <\/div> <div  class=\"row spaced-cols\" data-type=\"row\"> <div  class=\"col-sm-6\"> <div  class=\"row space-bottom\"> <div  class=\"col-sm-fit icon-column\" data-preview-empty=\"1\">  <\/div> <div  class=\"col-sm\" data-type=\"column\">  <\/div> <\/div><\/div>    <\/div><\/div> <\/div><div  data-label=\"Content\" data-id=\"content--2\" data-export-id=\"content-12\" data-category=\"content\" class=\"content-12 content-section content-section-spacing\" id=\"content-2\" style=\"background-color: rgb(255, 255, 255);\"><div  class=\"gridContainer\"> <div  class=\"row text-center\"><div  class=\"section-title-col\" data-type=\"column\"> <h2  class=\"\" style=\"border-bottom-color: rgb(179, 63, 72);\"><span style=\"font-family: arial, helvetica, sans-serif;\" >Wie funktioniert der Kraftstoffmodifkator?<\/span> <\/h2> <p  class=\"lead\" style=\"text-align: left;\"><span style=\"font-family: arial, helvetica, sans-serif;\" >Der SGI-Modifikator wird zwischen dem Kraftstofffilter und der Einspritzpumpe bzw. dem Vergaser eingebaut, wodurch der gesamte Kraftstoffstrom durch den Modifikator zum Motor flie\u00dft. Die chemisch-katalytische Reaktoreinheit (\u00e4hnlich einem Katalysator) verbessert die Verbrennungseigenschaften und erzielt, durch eine schnellere gleichm\u00e4\u00dfigere Verbrennung verbunden mit mehr Druck auf den Kolben sowie volle Nutzung des Kraftstoffes, eine h\u00f6here Energieausbeute.<\/span> <br ><br ><span style=\"font-family: arial, helvetica, sans-serif;\" >Der Verbrennungsprozess wird umweltfreundlicher \u2013 leistungsst\u00e4rker \u2013 effizienter. Nicht nur der Kraftstoffverbrauch wird reduziert sondern auch Ru\u00dfpartikel verbrennen nahezu vollst\u00e4ndig.<\/span><\/p><a  class=\"button big force-shadow color1 round\" href=\"https:\/\/www.bewa-group.de\/shop\" target=\"_self\" data-cp-link=\"1\" data-icon=\"fa-star\">ZUM SHOP<\/a><\/div> <\/div> <div  class=\"row center-xs middle-xs\"> <div  class=\"col-sm-9\" data-type=\"column\"> <\/div> <\/div><\/div> <\/div><div  data-label=\"Features\" data-id=\"features--1\" data-export-id=\"features-12\" data-category=\"features\" class=\"features-12 content-section content-section-spacing content-relative\" id=\"features-1\" style=\"background-color: rgb(255, 255, 255);\"><div  class=\"section-separator-top\">\r\n    <svg  xmlns=\"http:\/\/www.w3.org\/2000\/svg\" viewBox=\"0 0 700 10\" preserveAspectRatio=\"none\" data-separator-name=\"arrow\" class=\"section-separator-top\">\r\n\t<path  class=\"svg-white-bg\" d=\"M350,10L340,0h20L350,10z\"><\/path>\r\n<\/svg>\r\n<\/div><div  class=\"gridContainer\"> <div  class=\"row text-center\"><div  class=\"section-title-col\" data-type=\"column\"> <h2  class=\"\" style=\"border-bottom-color: rgb(179, 63, 72);\"><span style=\"font-family: arial, helvetica, sans-serif;\" >Ihre Vorteile auf einen Blick<\/span><\/h2> <\/div> <\/div> <div  class=\"row spaced-cols\" data-type=\"row\"> <div  class=\"col-sm-6 col-md-4 \"> <div  class=\"row space-bottom\"> <div  class=\"col-sm-fit icon-column\"> <i  class=\"fa icon fa-check bordered round small color1\"><\/i> <\/div> <div  class=\"col-sm\" data-type=\"column\"> <h5  class=\"color2\"><span  style=\"font-weight: 600; color: rgb(52, 58, 64); font-family: arial, helvetica, sans-serif;\">Steigerung des Drehmoments und der Motorleistung<\/span><\/h5> <\/div> <\/div><\/div>   <div  class=\"col-sm-6 col-md-4 \"><div  class=\"row space-bottom\"> <div  class=\"col-sm-fit icon-column\"><i  class=\"fa icon fa-check bordered round small color1\"><\/i><\/div> <div  class=\"col-sm\" data-type=\"column\"><h5  class=\"color2\"><span  style=\"font-family: Open Sans, arial, helvetica, sans-serif; color: rgb(52, 58, 64); font-weight: 600;\"><span style=\"font-family: arial, helvetica, sans-serif;\" >Verbesserung der<\/span><br ><span style=\"font-family: arial, helvetica, sans-serif;\" >Treibstoffqualit\u00e4t<\/span><\/span><\/h5> <\/div> <\/div><\/div> <div  class=\"col-sm-6 col-md-4\"> <div  class=\"row space-bottom\"> <div  class=\"col-sm-fit icon-column\"> <i  class=\"fa icon fa-check bordered round small color1\"><\/i> <\/div> <div  class=\"col-sm\" data-type=\"column\"> <h5  class=\"color2\"><span  style=\"color: rgb(52, 58, 64); font-family: arial, helvetica, sans-serif; font-weight: 600;\">Ruhigeres Laufverhalten<\/span><br ><span  style=\"color: rgb(52, 58, 64); font-family: arial, helvetica, sans-serif; font-weight: 600;\">\r\ndes Motors<\/span><\/h5> <\/div> <\/div><\/div><div  class=\"col-sm-6 col-md-4\"> <div  class=\"row space-bottom\"> <div  class=\"col-sm-fit icon-column\"> <i  class=\"fa icon fa-check bordered round small color1\"><\/i> <\/div> <div  class=\"col-sm\" data-type=\"column\"> <h5  class=\"color2\"><span  style=\"font-weight: 600; color: rgb(52, 58, 64); font-family: arial, helvetica, sans-serif;\">Erleichterter Kaltstart bei niedrigen Temperaturen<\/span><\/h5> <\/div> <\/div><\/div><div  class=\"col-sm-6 col-md-4\"> <div  class=\"row space-bottom\"> <div  class=\"col-sm-fit icon-column\"> <i  class=\"fa icon fa-check bordered round small color1\"><\/i> <\/div> <div  class=\"col-sm\" data-type=\"column\"> <h5  class=\"color2\"><span  style=\"font-weight: 600; color: rgb(52, 58, 64); font-family: arial, helvetica, sans-serif;\">Schutz des Abgasr\u00fcckf\u00fchr-ventils vor fr\u00fchzeitiger Verschmutzung<\/span><\/h5> <\/div> <\/div><\/div><div  class=\"col-sm-6 col-md-4\"> <div  class=\"row space-bottom\"> <div  class=\"col-sm-fit icon-column\"> <i  class=\"fa icon fa-check bordered round small color1\"><\/i> <\/div> <div  class=\"col-sm\" data-type=\"column\"> <h5  class=\"color2\"><span  style=\"font-weight: 600; color: rgb(52, 58, 64); font-family: arial, helvetica, sans-serif;\">Verl\u00e4ngerung der Lebensdauer von Motor und Abgsanlage<\/span><\/h5> <\/div> <\/div><\/div><div  class=\"col-sm-6 col-md-4\"> <div  class=\"row space-bottom\"> <div  class=\"col-sm-fit icon-column\"> <i  class=\"fa icon fa-check bordered round small color1\"><\/i> <\/div> <div  class=\"col-sm\" data-type=\"column\"> <h5  class=\"color2\"><span  style=\"font-weight: 600; color: rgb(52, 58, 64); font-family: arial, helvetica, sans-serif;\">Keine T\u00dcV-Abnahme oder Eintragung in Fahrzeugpapiere erforderlich<\/span><\/h5> <\/div> <\/div><\/div><div  class=\"col-sm-6 col-md-4\"> <div  class=\"row space-bottom\"> <div  class=\"col-sm-fit icon-column\"> <i  class=\"fa icon fa-check bordered round small color1\"><\/i> <\/div> <div  class=\"col-sm\" data-type=\"column\"> <h5  class=\"color2\"><span  style=\"font-weight: 600; color: rgb(52, 58, 64); font-family: arial, helvetica, sans-serif;\">Einfacher, schneller und unkomplizierter Einbau<\/span><\/h5> <\/div> <\/div><\/div><div  class=\"col-sm-6 col-md-4\"> <div  class=\"row space-bottom\"> <div  class=\"col-sm-fit icon-column\"> <i  class=\"fa icon fa-check bordered round small color1\"><\/i> <\/div> <div  class=\"col-sm\" data-type=\"column\"> <h5  class=\"color2\"><span  style=\"font-weight: 600; color: rgb(52, 58, 64); font-family: arial, helvetica, sans-serif;\">Lange Laufleistung bis zu 300.000 Kilometer<\/span><\/h5> <\/div> <\/div><\/div><\/div><\/div> <\/div><div  data-label=\"Cta\" data-id=\"cta--4\" data-export-id=\"cta-centered-section-grid\" data-category=\"cta\" class=\"cta-centered-section-grid content-section content-section-spacing-medium bg-color1 dark-text content-relative\" id=\"cta-4\" style=\"background-color: rgb(255, 255, 255); background-size: cover; background-position: center top; background-image: none;\"><div  class=\"section-separator-top\">\r\n    <svg  xmlns=\"http:\/\/www.w3.org\/2000\/svg\" viewBox=\"0 0 700 10\" preserveAspectRatio=\"none\" data-separator-name=\"arrow\" class=\"section-separator-top\">\r\n\t<path  class=\"svg-white-bg\" d=\"M350,10L340,0h20L350,10z\"><\/path>\r\n<\/svg>\r\n<\/div><div  class=\"gridContainer\"> <div  class=\"row text-center\"><div  class=\"col-xs-12 col-sm-10 col-sm-offset-1 col-md-8 col-md-offset-2\" data-type=\"column\"> <h2  class=\"no-after\"><span  style=\"font-family: Open Sans, arial, helvetica, sans-serif; font-weight: 700;\"><span  style=\"font-weight: 400; font-family: Muli, arial, helvetica, sans-serif;\"><span  style=\"color: rgb(0, 0, 0); font-family: arial, helvetica, sans-serif;\">Umwelt schonen durch \r\n<\/span><span  style=\"color: rgb(0, 0, 0);\">\r\n<br ><span style=\"font-family: arial, helvetica, sans-serif;\" >deutliche Verbesserung der Abgase<\/span><\/span><\/span><br ><span  class=\"font-300\"><\/span><\/span><\/h2>  <\/div> <\/div><\/div> <\/div><div  data-label=\"Overlappable\" data-id=\"overlappable--1\" data-export-id=\"overlappable-2\" data-category=\"overlappable\" class=\"overlappable-2 content-section content-section-spacing content-relative lazyload\" data-overlap=\"true\" id=\"overlappable-1\" style=\"background-color: rgb(255, 255, 255); background-image:inherit; background-size: cover; background-position: center top;\" data-bg-image=\"url(&quot;https:\/\/www.bewa-group.de\/wp-content\/uploads\/2022\/02\/green-scaled.jpg&quot;)\"><div  class=\"gridContainer\"> <div  class=\"row middle-sm shadow-medium bg-color-white\"><div  class=\"col-xs-12 col-sm-4 top-sm col-padding col-padding-xs\" data-type=\"column\"><img  decoding=\"async\" class=\"custom-image lazyload\" data-src=\"https:\/\/www.bewa-group.de\/wp-content\/uploads\/2022\/02\/trees-scaled.jpg\" title=\"trees\" alt=\"\" src=\"data:image\/svg+xml;base64,PHN2ZyB3aWR0aD0iMSIgaGVpZ2h0PSIxIiB4bWxucz0iaHR0cDovL3d3dy53My5vcmcvMjAwMC9zdmciPjwvc3ZnPg==\" style=\"--smush-placeholder-width: 1829px; --smush-placeholder-aspect-ratio: 1829\/2560;\">   <\/div> <div  class=\"col-xs-12 col-sm-8\"><div  data-type=\"row\" class=\"row\"> <div  class=\"col-xs-12 col-sm-6 col-padding col-padding-small-xs col-md-12\"> <h5  class=\"\" style=\"text-align: left;\"><span  style=\"color: rgb(73, 165, 88); font-family: arial, helvetica, sans-serif;\">\u2022<span  style=\"font-weight: 900;\"> Reduktion von Kohlenstoffmonoxid bis zu 97,7%<\/span><\/span><\/h5> <\/div>  <div  class=\"col-xs-12 col-sm-6 col-padding col-padding-small-xs col-md-12\"> <h5  class=\"\" style=\"text-align: left;\"><span  style=\"color: rgb(73, 165, 88); font-family: arial, helvetica, sans-serif;\">\u2022<span  style=\"font-weight: 900;\"> Verminderung des CO2-Aussto\u00dfes um ca. 10-20%<\/span><\/span><\/h5> <\/div> <div  class=\"col-xs-12 col-sm-6 col-padding col-padding-small-xs col-md-12\">  <h5  class=\"\" style=\"text-align: left;\"><span  style=\"color: rgb(73, 165, 88); font-family: arial, helvetica, sans-serif;\">\u2022<span  style=\"font-weight: 900;\"> Reduktion von Feinstaub und Ru\u00dfpartikeln um 80%<\/span><\/span><\/h5> <\/div> <div  class=\"col-xs-12 col-sm-6 col-padding col-padding-small-xs col-md-12\"> <h5  class=\"\" style=\"text-align: left;\"><span  style=\"color: rgb(73, 165, 88); font-family: arial, helvetica, sans-serif;\">\u2022 <span  style=\"font-weight: 900;\">Verminderung des Stickoxidaussto\u00dfes um bis zu 10%<\/span><\/span><\/h5> <\/div><div  class=\"col-xs-12 col-sm-6 col-padding col-padding-small-xs col-md-12\"> <h5  class=\"\" style=\"text-align: left;\"><span  style=\"color: rgb(73, 165, 88); font-family: arial, helvetica, sans-serif;\">\u2022<span  style=\"font-weight: 900;\"> Reduktion der Kohlenwasserstoffe um ca. 30%<\/span><\/span><span  id=\"_mce_caret\" data-mce-bogus=\"1\" data-mce-type=\"format-caret\"><span  style=\"font-family: arial, helvetica, sans-serif; font-weight: 900;\">\ufeff<\/span><\/span><\/h5> <\/div><\/div><\/div> <\/div><\/div> <\/div><div  data-label=\"Gallery\" data-id=\"gallery--1\" data-export-id=\"gallery-2\" data-category=\"gallery\" class=\"gallery-2 content-section content-section-spacing\" id=\"gallery-1\" style=\"background-color: rgb(255, 255, 255);\"><div  class=\"\"><div  data-section-title-area=\"true\" class=\"row text-center\">   <div  class=\"section-title-col\" data-type=\"column\">       <h2  class=\"\" style=\"border-bottom-color: rgb(216, 218, 219);\"><span style=\"font-family: arial, helvetica, sans-serif;\" >Anwendungsbereiche<\/span><\/h2>       <p  class=\"lead\"><span style=\"font-family: arial, helvetica, sans-serif;\" >Pkw \u2022 Lkw \u2022 Busse \u2022 Kleintransporter \u2022 Motorr\u00e4der \u2022 Landwirtschaft \u2022 Bau &amp; Stra\u00dfenbau \u2022\r\n<\/span><br ><span style=\"font-family: arial, helvetica, sans-serif;\" >Minen- &amp; Bergbau \u2022 Schienenverkehr \u2022 Schifffahrt \u2022 Heizanlagen \u2022 Generatoren<\/span><\/p>   <\/div><\/div> <div  class=\"row\"><div  class=\"col-xs-12 full-no-padding\" data-editable=\"true\" data-content-shortcode=\"mesmerize_gallery id=&quot;mesmerize-gallery-2&quot; columns=&quot;1&quot; ids=&quot;653,656&quot; lb=&quot;1&quot; masonry=&quot;0&quot; size=&quot;full&quot; link=&quot;none&quot; \"><div id='mesmerize-gallery-2' class='gallery-wrapper'><style type=\"text\/css\">\n                    @media only screen and (min-width: 768px) {\n                    [data-unique-id='mesmerize-gallery-2-69eb16254c059'] dl {\n                        float: left;\n                        width: 100% !important;\n                        max-width:  100% !important;\n                        min-width:  100% !important;\n                    }\n\n                    [data-unique-id='mesmerize-gallery-2-69eb16254c059'] dl:nth-of-type(1n +1 ) {\n                      clear: both;\n                      }\n                    }\n                <\/style><div id='mesmerize-gallery-2' class='mesmerize-gallery-2-dls-wrapper gallery-items-wrapper materialis-gallery' data-unique-id='mesmerize-gallery-2-69eb16254c059'><dl class='gallery-item'>\n\t\t\t<dt class='gallery-icon landscape'>\n\t\t\t\t<img decoding=\"async\"  width=\"1870\" height=\"306\" data-src=\"https:\/\/www.bewa-group.de\/wp-content\/uploads\/2022\/02\/anwendungsbereiche.jpg\"  class='mesmerize-gallery-2-image lazyload' alt=\"\" data-srcset=\"https:\/\/www.bewa-group.de\/wp-content\/uploads\/2022\/02\/anwendungsbereiche.jpg 1870w, https:\/\/www.bewa-group.de\/wp-content\/uploads\/2022\/02\/anwendungsbereiche-300x49.jpg 300w, https:\/\/www.bewa-group.de\/wp-content\/uploads\/2022\/02\/anwendungsbereiche-600x98.jpg 600w, https:\/\/www.bewa-group.de\/wp-content\/uploads\/2022\/02\/anwendungsbereiche-1024x168.jpg 1024w, https:\/\/www.bewa-group.de\/wp-content\/uploads\/2022\/02\/anwendungsbereiche-768x126.jpg 768w, https:\/\/www.bewa-group.de\/wp-content\/uploads\/2022\/02\/anwendungsbereiche-1536x251.jpg 1536w\" data-sizes=\"(max-width: 1870px) 100vw, 1870px\" src=\"data:image\/svg+xml;base64,PHN2ZyB3aWR0aD0iMSIgaGVpZ2h0PSIxIiB4bWxucz0iaHR0cDovL3d3dy53My5vcmcvMjAwMC9zdmciPjwvc3ZnPg==\" style=\"--smush-placeholder-width: 1870px; --smush-placeholder-aspect-ratio: 1870\/306;\" \/>\n\t\t\t<\/dt><\/dl><dl class='gallery-item'>\n\t\t\t<dt class='gallery-icon landscape'>\n\t\t\t\t<img decoding=\"async\"  width=\"1870\" height=\"306\" data-src=\"https:\/\/www.bewa-group.de\/wp-content\/uploads\/2022\/02\/anwendungsbereiche2-1.jpg\"  class='mesmerize-gallery-2-image lazyload' alt=\"\" data-srcset=\"https:\/\/www.bewa-group.de\/wp-content\/uploads\/2022\/02\/anwendungsbereiche2-1.jpg 1870w, https:\/\/www.bewa-group.de\/wp-content\/uploads\/2022\/02\/anwendungsbereiche2-1-300x49.jpg 300w, https:\/\/www.bewa-group.de\/wp-content\/uploads\/2022\/02\/anwendungsbereiche2-1-600x98.jpg 600w, https:\/\/www.bewa-group.de\/wp-content\/uploads\/2022\/02\/anwendungsbereiche2-1-1024x168.jpg 1024w, https:\/\/www.bewa-group.de\/wp-content\/uploads\/2022\/02\/anwendungsbereiche2-1-768x126.jpg 768w, https:\/\/www.bewa-group.de\/wp-content\/uploads\/2022\/02\/anwendungsbereiche2-1-1536x251.jpg 1536w\" data-sizes=\"(max-width: 1870px) 100vw, 1870px\" src=\"data:image\/svg+xml;base64,PHN2ZyB3aWR0aD0iMSIgaGVpZ2h0PSIxIiB4bWxucz0iaHR0cDovL3d3dy53My5vcmcvMjAwMC9zdmciPjwvc3ZnPg==\" style=\"--smush-placeholder-width: 1870px; --smush-placeholder-aspect-ratio: 1870\/306;\" \/>\n\t\t\t<\/dt><\/dl>\n\t\t<\/div>\n<script>(function($){window.MaterialisCaptionsGallery && window.MaterialisCaptionsGallery($('[data-unique-id=\"mesmerize-gallery-2-69eb16254c059\"]'))})(jQuery)<\/script><\/div><\/div><\/div> <\/div><\/div><div  data-label=\"Cta\" data-id=\"cta--2\" data-export-id=\"cta-blue-section\" data-category=\"cta\" class=\"cta-blue-section content-section content-section-spacing-medium bg-color1 white-text\" id=\"cta-2\" style=\"background-image: none; background-color: rgba(255, 255, 255, 0); background-size: cover; background-position: center top;\"><div  class=\"gridContainer\"> <div  class=\"row middle-xs\"><div  class=\"col-sm-8 space-bottom-xs\" data-type=\"column\"> <h2  class=\"no-after\" style=\"text-align: center;\"><span style=\"font-family: arial, helvetica, sans-serif;\" ><span  style=\"color: rgb(52, 58, 64);\">Mit dem Einsparen von Papier leisten wir \r\n<br >einen wichtigen Beitrag zum Umweltschutz. \r\n<\/span><span  style=\"color: rgb(52, 58, 64);\">\r\n<br >Das Produktportfolio finden Sie daher in \r\n<br >unserem Online-Katalog.<\/span><\/span><span  class=\"font-300\"><\/span><\/h2> <\/div> <div  class=\"col-sm-4 end-sm\" data-type=\"column\"> <a  class=\"button big color1 round\" href=\"https:\/\/www.bewa-group.de\/sgi-produktkatalog\" target=\"_self\" data-cp-link=\"1\" data-icon=\"\" rel=\"noopener\">ZUM PRODUKTKATALOG<\/a><\/div> <\/div><\/div> <\/div>","protected":false},"excerpt":{"rendered":"<p>MOBILTI\u00c4T &amp; UMWELTSCHUTZ SGI Kraftstoffmodifikator Der SGI-Kraftstoffmodifikator ist ein Modul, das nachtr\u00e4glich in alle Fahrzeuge und Aggregate mit Benzin- oder Dieselmotor wie auch in \u00d6lheizungssysteme eingebaut werden kann. Ebenfalls geeignet bei Verwendung anderer fl\u00fcssiger Kraftstoffe wie Ethanol und Kerosin.&nbsp; Made in Germany Die Herstellung in Deutschland garantiert&nbsp; Qualit\u00e4t, Sicherheit und Langlebigkeit. Keine Wartung n\u00f6tig Bei&hellip; <br \/> <a class=\"read-more\" href=\"https:\/\/www.bewa-group.de\/home\/sgi-kraftstoffmodifikator\/\">Read more<\/a><\/p>\n","protected":false},"author":1,"featured_media":0,"parent":0,"menu_order":0,"comment_status":"closed","ping_status":"closed","template":"pro\/page-templates\/full-width-page.php","meta":{"footnotes":""},"class_list":["post-106","page","type-page","status-publish","hentry"],"_links":{"self":[{"href":"https:\/\/www.bewa-group.de\/home\/wp-json\/wp\/v2\/pages\/106","targetHints":{"allow":["GET"]}}],"collection":[{"href":"https:\/\/www.bewa-group.de\/home\/wp-json\/wp\/v2\/pages"}],"about":[{"href":"https:\/\/www.bewa-group.de\/home\/wp-json\/wp\/v2\/types\/page"}],"author":[{"embeddable":true,"href":"https:\/\/www.bewa-group.de\/home\/wp-json\/wp\/v2\/users\/1"}],"replies":[{"embeddable":true,"href":"https:\/\/www.bewa-group.de\/home\/wp-json\/wp\/v2\/comments?post=106"}],"version-history":[{"count":7,"href":"https:\/\/www.bewa-group.de\/home\/wp-json\/wp\/v2\/pages\/106\/revisions"}],"predecessor-version":[{"id":1563,"href":"https:\/\/www.bewa-group.de\/home\/wp-json\/wp\/v2\/pages\/106\/revisions\/1563"}],"wp:attachment":[{"href":"https:\/\/www.bewa-group.de\/home\/wp-json\/wp\/v2\/media?parent=106"}],"curies":[{"name":"wp","href":"https:\/\/api.w.org\/{rel}","templated":true}]}}