{"id":8,"date":"2022-01-29T21:43:25","date_gmt":"2022-01-29T21:43:25","guid":{"rendered":"https:\/\/bewa-group.de\/?page_id=8"},"modified":"2025-11-05T17:13:52","modified_gmt":"2025-11-05T17:13:52","slug":"home","status":"publish","type":"page","link":"https:\/\/www.bewa-group.de\/home\/en\/","title":{"rendered":"Home"},"content":{"rendered":"<div id=\"about-3\" class=\"about-1 content-section\" style=\"background-color: #ffffff;\" data-label=\"About\" data-id=\"about--3\" data-export-id=\"about-1\" data-category=\"about\">\n<div class=\"gridContainer\">\n<div class=\"row text-center\">\n<div class=\"section-title-col\" data-type=\"column\">\n<h2 class=\"\" style=\"border-bottom-color: #b23f47; text-align: center;\"><span style=\"font-family: arial, helvetica, sans-serif;\">SGI fuel modifier<\/span><\/h2>\nas a pollutant reducer and fuel saver\n<p class=\"lead\" style=\"text-align: left;\">Der Kraftstoffmodifikator tr\u00e4gt dazu bei, dass \u00fcber Einsparungen beim Kraftstoffverbrauch Ressourcen geschont und Emissionen reduziert werden. Die Herstellung in Deutschland garantiert eine hohe Qualit\u00e4t und lange Lebensdauer des Kraftstoffmodifikators.<\/p>\n\n<\/div>\n<\/div>\n<div class=\"row\">\n<div class=\"button-holder space-bottom space-bottom-small\" data-type=\"column\"><a class=\"button color1 round\" href=\"https:\/\/www.bewa-group.de\/home\/en\/sgi-kraftstoffmodifikator\/\" target=\"_self\" data-cp-link=\"1\" data-icon=\"\">MORE INFORMATION<\/a><\/div>\n<div class=\"col-xs bottom-xs flexbox image-group-bottom-3-img space-bottom-xs center-xs\"><img decoding=\"async\" class=\"left-img shadow-large-black lazyload\" title=\"kmf_350-pl\" data-src=\"https:\/\/www.bewa-group.de\/wp-content\/uploads\/2025\/10\/kmf_350-pl.png\" alt=\"Kraftstoffmodifikator\" data-size=\"500x300\" src=\"data:image\/svg+xml;base64,PHN2ZyB3aWR0aD0iMSIgaGVpZ2h0PSIxIiB4bWxucz0iaHR0cDovL3d3dy53My5vcmcvMjAwMC9zdmciPjwvc3ZnPg==\" style=\"--smush-placeholder-width: 458px; --smush-placeholder-aspect-ratio: 458\/353;\" \/> <img decoding=\"async\" class=\"center-img shadow-large-black lazyload\" title=\"kmf_350-al\" data-src=\"https:\/\/www.bewa-group.de\/wp-content\/uploads\/2025\/10\/kmf_350-al.png\" alt=\"Kraftstoffmodifikator\" data-size=\"500x300\" src=\"data:image\/svg+xml;base64,PHN2ZyB3aWR0aD0iMSIgaGVpZ2h0PSIxIiB4bWxucz0iaHR0cDovL3d3dy53My5vcmcvMjAwMC9zdmciPjwvc3ZnPg==\" style=\"--smush-placeholder-width: 458px; --smush-placeholder-aspect-ratio: 458\/353;\" \/> <img decoding=\"async\" class=\"right-img shadow-large-black lazyload\" title=\"kmf-4400-al\" data-src=\"https:\/\/www.bewa-group.de\/wp-content\/uploads\/2025\/10\/kmf-4400-al.png\" alt=\"Kraftstoffmodifikator\" data-size=\"500x300\" src=\"data:image\/svg+xml;base64,PHN2ZyB3aWR0aD0iMSIgaGVpZ2h0PSIxIiB4bWxucz0iaHR0cDovL3d3dy53My5vcmcvMjAwMC9zdmciPjwvc3ZnPg==\" style=\"--smush-placeholder-width: 458px; --smush-placeholder-aspect-ratio: 458\/353;\" \/><\/div>\n<\/div>\n<\/div>\n<\/div>\n<div id=\"kontakt\" class=\"cta-centered-bg-section content-section content-section-spacing-medium white-text lazyload\" style=\"background-color: #ffffff; background-image:inherit; background-size: cover; background-position: center top;\" data-label=\"Kontakt\" data-id=\"cta--1\" data-export-id=\"cta-centered-bg-section\" data-category=\"cta\" data-section-ov=\"1\" data-parallax-depth=\"20\" data-bg-image=\"url(&#039;https:\/\/www.bewa-group.de\/wp-content\/uploads\/2022\/01\/contact-us-g26c1f5013_640.jpg&#039;)\">\n<div class=\"\">\n<div class=\"row text-center\" data-section-title-area=\"true\">\n<div class=\"section-title-col\" data-type=\"column\">\n<h2 class=\"\" style=\"border-bottom-color: #b33f48;\"><span style=\"font-family: arial, helvetica, sans-serif;\">How can we help you?<\/span><\/h2>\n<p class=\"lead\"><span style=\"font-family: arial, helvetica, sans-serif;\">You have questions about our products and services, would like advice\n<\/span>\n<span style=\"font-family: arial, helvetica, sans-serif;\">or would you like to speak to us for another reason?\n<\/span>\n<span style=\"font-family: arial, helvetica, sans-serif;\">We look forward to hearing from you!<\/span><\/p>\n\n<\/div>\n<\/div>\n<div class=\"row text-center\">\n<div class=\"\" data-type=\"column\"><a class=\"button big force-shadow color1 round\" href=\"https:\/\/www.bewa-group.de\/home\/en\/kontakt\/\" target=\"_self\" rel=\"noopener\" data-cp-link=\"1\" data-icon=\"\">CONTACT US<\/a><\/div>\n<\/div>\n<\/div>\n<\/div>\n<div id=\"features-12\" class=\"features-12-card content-section content-section-spacing\" style=\"background-color: rgba(250, 239, 239, 0.24); background-image: none;\" data-label=\"Features\" data-id=\"features--2\" data-export-id=\"features-12-card\" data-category=\"features\">\n<div class=\"gridContainer\">\n<div class=\"row text-center\">\n<div class=\"section-title-col\" data-type=\"column\">\n<h2 class=\"\" style=\"border-bottom-color: #b23f47;\"><span style=\"font-family: arial, helvetica, sans-serif;\">What defines us<\/span><\/h2>\n<\/div>\n<\/div>\n<div class=\"row spaced-cols\" data-type=\"row\">\n<div class=\"col-sm-6\">\n<div class=\"card row-card\">\n<div class=\"row\">\n<div class=\"col-sm-fit icon-column\"><\/div>\n<div class=\"col-sm\" data-type=\"column\">\n<h5 class=\"color2\"><span style=\"color: #b33f48; font-family: arial, helvetica, sans-serif;\"><span style=\"color: #b23f47;\">PARTNER AUF AUGENH\u00d6HE<\/span><\/span><\/h5>\n<p class=\"\"><span style=\"font-family: arial, helvetica, sans-serif;\">Appreciation, open communication, loyalty and sympathy are core values for us, which we live in our long-term relationships with employees and customers.<\/span><\/p>\n\n<\/div>\n<\/div>\n<\/div>\n<\/div>\n<div class=\"col-sm-6\">\n<div class=\"card row-card\">\n<div class=\"row\">\n<div class=\"col-sm-fit icon-column\"><\/div>\n<div class=\"col-sm\" data-type=\"column\">\n<h5 class=\"color2\"><span style=\"color: #b23f47; font-family: arial, helvetica, sans-serif;\">RESPONSIBLY<\/span><\/h5>\n<p class=\"\"><span style=\"font-family: arial, helvetica, sans-serif;\">As team players, we are aware of our responsibility towards customers and colleagues and meet this responsibility through reliability, quality and flexibility.<\/span><\/p>\n\n<\/div>\n<\/div>\n<\/div>\n<\/div>\n<div class=\"col-sm-6\">\n<div class=\"card row-card\">\n<div class=\"row\">\n<div class=\"col-sm-fit icon-column\"><\/div>\n<div class=\"col-sm\" data-type=\"column\">\n<h5 class=\"color2\"><span style=\"color: #b23f47; font-family: arial, helvetica, sans-serif;\">CUSTOMER-ORIENTED<\/span><\/h5>\n<p class=\"\"><span style=\"font-family: arial, helvetica, sans-serif;\">We care about our customers&#039; concerns, look for individual solutions, act reliably and convince with quality products and competence.<\/span><\/p>\n\n<\/div>\n<\/div>\n<\/div>\n<\/div>\n<div class=\"col-sm-6\">\n<div class=\"card row-card\">\n<div class=\"row\">\n<div class=\"col-sm-fit icon-column\"><\/div>\n<div class=\"col-sm\" data-type=\"column\">\n<h5 class=\"color2\"><span style=\"color: #b23f47; font-family: arial, helvetica, sans-serif;\">SUSTAINABLE<\/span><\/h5>\n<p class=\"\"><span style=\"font-family: arial, helvetica, sans-serif;\">We think and act with a focus on the future in order to ensure long-term business success and a future worth living for future generations.<\/span><\/p>\n\n<\/div>\n<\/div>\n<\/div>\n<\/div>\n<\/div>\n<\/div>\n<\/div>","protected":false},"excerpt":{"rendered":"<p>SGI-Kraftstoffmodifikator als Schadstoffreduzierer und Kraftstoffsparer Der Kraftstoffmodifikator tr\u00e4gt dazu bei, dass \u00fcber Einsparungen beim Kraftstoffverbrauch Ressourcen geschont und Emissionen reduziert werden. Die Herstellung in Deutschland garantiert eine hohe Qualit\u00e4t und lange Lebensdauer des Kraftstoffmodifikators. MEHR INFORMATIONEN Wie k\u00f6nnen wir Ihnen helfen? Sie haben Fragen zu unseren Produkten und Dienstleistungen, w\u00fcnschen eine Beratung oder m\u00f6chten aus&hellip; <br \/> <a class=\"read-more\" href=\"https:\/\/www.bewa-group.de\/home\/en\/\">Read more<\/a><\/p>","protected":false},"author":1,"featured_media":0,"parent":0,"menu_order":0,"comment_status":"closed","ping_status":"closed","template":"page-templates\/homepage.php","meta":{"footnotes":""},"class_list":["post-8","page","type-page","status-publish","hentry"],"_links":{"self":[{"href":"https:\/\/www.bewa-group.de\/home\/en\/wp-json\/wp\/v2\/pages\/8","targetHints":{"allow":["GET"]}}],"collection":[{"href":"https:\/\/www.bewa-group.de\/home\/en\/wp-json\/wp\/v2\/pages"}],"about":[{"href":"https:\/\/www.bewa-group.de\/home\/en\/wp-json\/wp\/v2\/types\/page"}],"author":[{"embeddable":true,"href":"https:\/\/www.bewa-group.de\/home\/en\/wp-json\/wp\/v2\/users\/1"}],"replies":[{"embeddable":true,"href":"https:\/\/www.bewa-group.de\/home\/en\/wp-json\/wp\/v2\/comments?post=8"}],"version-history":[{"count":13,"href":"https:\/\/www.bewa-group.de\/home\/en\/wp-json\/wp\/v2\/pages\/8\/revisions"}],"predecessor-version":[{"id":1595,"href":"https:\/\/www.bewa-group.de\/home\/en\/wp-json\/wp\/v2\/pages\/8\/revisions\/1595"}],"wp:attachment":[{"href":"https:\/\/www.bewa-group.de\/home\/en\/wp-json\/wp\/v2\/media?parent=8"}],"curies":[{"name":"wp","href":"https:\/\/api.w.org\/{rel}","templated":true}]}}