{"id":571,"date":"2022-02-08T15:06:07","date_gmt":"2022-02-08T15:06:07","guid":{"rendered":"https:\/\/www.bewa-group.de\/?page_id=571"},"modified":"2022-02-14T21:22:05","modified_gmt":"2022-02-14T21:22:05","slug":"unternehmen","status":"publish","type":"page","link":"https:\/\/www.bewa-group.de\/home\/en\/unternehmen\/","title":{"rendered":"About Us"},"content":{"rendered":"<div class=\"wp-block-columns is-layout-flex wp-container-core-columns-is-layout-9d6595d7 wp-block-columns-is-layout-flex\">\n<div class=\"wp-block-column is-layout-flow wp-block-column-is-layout-flow\" style=\"flex-basis:33.33%\">\n<p><br>BEWA Group International brings together <br>which together brings more, namely markets <br>with innovations. <br><\/p>\n<\/div>\n\n\n\n<div class=\"wp-block-column is-layout-flow wp-block-column-is-layout-flow\" style=\"flex-basis:66.66%\">\n<p class=\"has-white-color has-text-color\">About Us<\/p>\n\n\n\n<p>As a family business, we value tradition, focus on the future and are a reliable sales partner when it comes to innovative technologies. With a flat hierarchy, we are close to the customer and act flexibly and pragmatically.<\/p>\n\n\n\n<p>Our work is based on long-term partnerships and trusting cooperation. We are proud that producers rely on us because we develop the market together with them, and we enjoy the trust of our customers because we have answers to their questions.<\/p>\n\n\n\n<p><\/p>\n\n\n\n<p><strong>With us you can rely on a strong sales partner \u2013 our competent team will be happy to advise you!<\/strong><br><\/p>\n<\/div>\n<\/div>","protected":false},"excerpt":{"rendered":"<p>BEWA Group International bringt zusammen, was zusammen mehr bringt, n\u00e4mlich M\u00e4rkte mit Innovationen. \u00dcber uns Als Familienunternehmen sch\u00e4tzen wir Tradition, leben Zukunftsorientierung und sind zuverl\u00e4ssiger Vertriebspartner, wenn es um innovative Technologien geht. Mit flacher Hierarchie sind wir nah am Kunden und handeln flexibel und pragmatisch. Grundlage unserer Arbeit sind langfristige Partnerschaften und eine vertrauensvolle Zusammenarbeit.&hellip; <br \/> <a class=\"read-more\" href=\"https:\/\/www.bewa-group.de\/home\/en\/unternehmen\/\">Read more<\/a><\/p>","protected":false},"author":1,"featured_media":0,"parent":0,"menu_order":0,"comment_status":"closed","ping_status":"closed","template":"","meta":{"footnotes":""},"class_list":["post-571","page","type-page","status-publish","hentry"],"_links":{"self":[{"href":"https:\/\/www.bewa-group.de\/home\/en\/wp-json\/wp\/v2\/pages\/571","targetHints":{"allow":["GET"]}}],"collection":[{"href":"https:\/\/www.bewa-group.de\/home\/en\/wp-json\/wp\/v2\/pages"}],"about":[{"href":"https:\/\/www.bewa-group.de\/home\/en\/wp-json\/wp\/v2\/types\/page"}],"author":[{"embeddable":true,"href":"https:\/\/www.bewa-group.de\/home\/en\/wp-json\/wp\/v2\/users\/1"}],"replies":[{"embeddable":true,"href":"https:\/\/www.bewa-group.de\/home\/en\/wp-json\/wp\/v2\/comments?post=571"}],"version-history":[{"count":1,"href":"https:\/\/www.bewa-group.de\/home\/en\/wp-json\/wp\/v2\/pages\/571\/revisions"}],"predecessor-version":[{"id":1576,"href":"https:\/\/www.bewa-group.de\/home\/en\/wp-json\/wp\/v2\/pages\/571\/revisions\/1576"}],"wp:attachment":[{"href":"https:\/\/www.bewa-group.de\/home\/en\/wp-json\/wp\/v2\/media?parent=571"}],"curies":[{"name":"wp","href":"https:\/\/api.w.org\/{rel}","templated":true}]}}