{"id":540,"date":"2022-02-08T13:49:21","date_gmt":"2022-02-08T13:49:21","guid":{"rendered":"https:\/\/www.bewa-group.de\/?page_id=540"},"modified":"2025-10-08T18:51:38","modified_gmt":"2025-10-08T18:51:38","slug":"standorte-vertrieb","status":"publish","type":"page","link":"https:\/\/www.bewa-group.de\/home\/en\/standorte-vertrieb\/","title":{"rendered":"Locations &amp; Sales"},"content":{"rendered":"<div  data-id=\"initial-content-section\" data-export-id=\"initial-content-section\" data-label=\"Initial Content\" id=\"initial-content-section\" class=\"content-section content-section-spacing\">\r\n   <div  class=\"gridContainer\">\r\n     <div  class=\"row\">\r\n\r\n        <div  class=\"col-xs-12 col-sm-12\">                <p ><\/p>\r\n<p  style=\"text-align: center;\"><span  style=\"font-weight: 400; font-family: arial, helvetica, sans-serif;\">With sales points and certified service workshops in the following<\/span><br ><span  style=\"font-weight: 400; font-family: Open Sans, arial, helvetica, sans-serif;\"><span style=\"font-family: arial, helvetica, sans-serif;\" >\r\nL\u00e4ndern gew\u00e4hrleisten wir kompetente Ansprechpartner direkt vor Ort.\r\n<\/span><br ><br ><span style=\"font-family: arial, helvetica, sans-serif;\" >If you want the fuel modifier to be available in your country, just contact us.<\/span> <\/span><\/p>\r\n<p ><\/p>\r\n\r\n          <\/div>\r\n      <\/div>\r\n  <\/div>\r\n<\/div><div  data-label=\"Team\" data-id=\"team--1\" data-export-id=\"team-5\" data-category=\"team\" class=\"team-5 content-section content-section-spacing\" id=\"team-1\" style=\"background-color: rgba(250, 239, 239, 0.24); background-image: none;\"><div  class=\"gridContainer\">  <div  class=\"row spaced-cols content-center-sm\" data-type=\"row\"> <div  class=\"col-xs-12 col-sm-6 col-md-3 col-padding\"> <div  class=\"row\"> <div  data-type=\"column\" class=\"col-xs-12 col-sm-12\"> <img decoding=\"async\"  class=\"round face lazyload\" data-src=\"https:\/\/www.bewa-group.de\/wp-content\/uploads\/2022\/02\/germany.png\" title=\"germany\" alt=\"\" src=\"data:image\/svg+xml;base64,PHN2ZyB3aWR0aD0iMSIgaGVpZ2h0PSIxIiB4bWxucz0iaHR0cDovL3d3dy53My5vcmcvMjAwMC9zdmciPjwvc3ZnPg==\" style=\"--smush-placeholder-width: 160px; --smush-placeholder-aspect-ratio: 160\/96;\"> <h4  class=\"font-500\"><span style=\"font-family: arial, helvetica, sans-serif;\" >Germany<\/span><\/h4>   <div  class=\"social-icons-group\" data-type=\"group\"> <a  href=\"#\" target=\"_self\" data-reiki-hidden=\"true\" rel=\"noopener\"><i  class=\"fa icon fa-facebook-square gray\"><\/i><\/a> <a  href=\"#\" target=\"_self\" data-reiki-hidden=\"true\" rel=\"noopener\"><i  class=\"fa icon fa-twitter-square gray\"><\/i><\/a> <a  href=\"#\" target=\"_self\" data-reiki-hidden=\"true\" rel=\"noopener\"><i  class=\"fa icon fa-linkedin-square gray\"><\/i><\/a> <a  href=\"#\" target=\"_self\" data-reiki-hidden=\"true\" rel=\"noopener\"><i  class=\"fa icon fa-google-plus-square gray\"><\/i><\/a><\/div> <\/div><\/div> <\/div><div  class=\"col-xs-12 col-sm-6 col-md-3 col-padding\"> <div  class=\"row\"> <div  data-type=\"column\" class=\"col-xs-12 col-sm-12\"> <img decoding=\"async\"  class=\"round face lazyload\" data-src=\"https:\/\/www.bewa-group.de\/wp-content\/uploads\/2022\/02\/frankreich.png\" title=\"France\" alt=\"\" src=\"data:image\/svg+xml;base64,PHN2ZyB3aWR0aD0iMSIgaGVpZ2h0PSIxIiB4bWxucz0iaHR0cDovL3d3dy53My5vcmcvMjAwMC9zdmciPjwvc3ZnPg==\" style=\"--smush-placeholder-width: 160px; --smush-placeholder-aspect-ratio: 160\/107;\"> <h4  class=\"font-500\"><span style=\"font-family: arial, helvetica, sans-serif;\" >France<\/span><\/h4>   <div  class=\"social-icons-group\" data-type=\"group\"> <a  href=\"#\" target=\"_self\" data-reiki-hidden=\"true\" rel=\"noopener\"><i  class=\"fa icon fa-facebook-square gray\"><\/i><\/a> <a  href=\"#\" target=\"_self\" data-reiki-hidden=\"true\" rel=\"noopener\"><i  class=\"fa icon fa-twitter-square gray\"><\/i><\/a> <a  href=\"#\" target=\"_self\" data-reiki-hidden=\"true\" rel=\"noopener\"><i  class=\"fa icon fa-linkedin-square gray\"><\/i><\/a> <a  href=\"#\" target=\"_self\" data-reiki-hidden=\"true\" rel=\"noopener\"><i  class=\"fa icon fa-google-plus-square gray\"><\/i><\/a><\/div> <\/div><\/div> <\/div> <div  class=\"col-xs-12 col-sm-6 col-md-3 col-padding\"> <div  class=\"row\"> <div  data-type=\"column\" class=\"col-xs-12 col-sm-12\"> <a  data-cp-link=\"1\" href=\"#\" class=\"\" target=\"_self\" rel=\"noopener\"><img decoding=\"async\"  class=\"round face lazyload\" data-src=\"https:\/\/www.bewa-group.de\/wp-content\/uploads\/2022\/02\/spanien.png\" title=\"Portugal\" alt=\"\" src=\"data:image\/svg+xml;base64,PHN2ZyB3aWR0aD0iMSIgaGVpZ2h0PSIxIiB4bWxucz0iaHR0cDovL3d3dy53My5vcmcvMjAwMC9zdmciPjwvc3ZnPg==\" style=\"--smush-placeholder-width: 160px; --smush-placeholder-aspect-ratio: 160\/107;\"><\/a> <h4  class=\"font-500\"><span style=\"font-family: arial, helvetica, sans-serif;\" >Spain<\/span><span id=\"_mce_caret\" data-mce-bogus=\"1\" data-mce-type=\"format-caret\" ><span style=\"font-family: arial, helvetica, sans-serif;\" ><\/span><\/span><\/h4>   <div  class=\"social-icons-group\" data-type=\"group\"> <a  href=\"#\" target=\"_self\" data-reiki-hidden=\"true\" rel=\"noopener\"><i  class=\"fa icon fa-facebook-square gray\"><\/i><\/a> <a  href=\"#\" target=\"_self\" data-reiki-hidden=\"true\" rel=\"noopener\"><i  class=\"fa icon fa-twitter-square gray\"><\/i><\/a> <a  href=\"#\" target=\"_self\" data-reiki-hidden=\"true\" rel=\"noopener\"><i  class=\"fa icon fa-linkedin-square gray\"><\/i><\/a> <a  href=\"#\" target=\"_self\" data-reiki-hidden=\"true\" rel=\"noopener\"><i  class=\"fa icon fa-google-plus-square gray\"><\/i><\/a><\/div> <\/div><\/div> <\/div> <div  class=\"col-xs-12 col-sm-6 col-md-3 col-padding\"> <div  class=\"row\"> <div  data-type=\"column\" class=\"col-xs-12 col-sm-12\"> <img decoding=\"async\"  class=\"round face lazyload\" data-src=\"https:\/\/www.bewa-group.de\/wp-content\/uploads\/2022\/02\/portugal.png\" title=\"Portugal\" alt=\"\" src=\"data:image\/svg+xml;base64,PHN2ZyB3aWR0aD0iMSIgaGVpZ2h0PSIxIiB4bWxucz0iaHR0cDovL3d3dy53My5vcmcvMjAwMC9zdmciPjwvc3ZnPg==\" style=\"--smush-placeholder-width: 160px; --smush-placeholder-aspect-ratio: 160\/107;\"> <h4  class=\"font-500\"><span style=\"font-family: arial, helvetica, sans-serif;\" >Portugal<\/span><\/h4>   <div  class=\"social-icons-group\" data-type=\"group\"> <a  href=\"#\" target=\"_self\" data-reiki-hidden=\"true\" rel=\"noopener\"><i  class=\"fa icon fa-facebook-square gray\"><\/i><\/a> <a  href=\"#\" target=\"_self\" data-reiki-hidden=\"true\" rel=\"noopener\"><i  class=\"fa icon fa-twitter-square gray\"><\/i><\/a> <a  href=\"#\" target=\"_self\" data-reiki-hidden=\"true\" rel=\"noopener\"><i  class=\"fa icon fa-linkedin-square gray\"><\/i><\/a> <a  href=\"#\" target=\"_self\" data-reiki-hidden=\"true\" rel=\"noopener\"><i  class=\"fa icon fa-google-plus-square gray\"><\/i><\/a><\/div> <\/div><\/div> <\/div> <div  class=\"col-xs-12 col-sm-6 col-md-3 col-padding\"> <div  class=\"row\"> <div  data-type=\"column\" class=\"col-xs-12 col-sm-12\"> <img decoding=\"async\"  class=\"round face lazyload\" data-src=\"https:\/\/www.bewa-group.de\/wp-content\/uploads\/2022\/02\/suedkorea.png\" title=\"South Korea\" alt=\"\" src=\"data:image\/svg+xml;base64,PHN2ZyB3aWR0aD0iMSIgaGVpZ2h0PSIxIiB4bWxucz0iaHR0cDovL3d3dy53My5vcmcvMjAwMC9zdmciPjwvc3ZnPg==\" style=\"--smush-placeholder-width: 160px; --smush-placeholder-aspect-ratio: 160\/107;\"> <h4  class=\"font-500\"><span style=\"font-family: arial, helvetica, sans-serif;\" >South Korea<\/span><span id=\"_mce_caret\" data-mce-bogus=\"1\" data-mce-type=\"format-caret\" ><span style=\"font-family: arial, helvetica, sans-serif;\" ><\/span><\/span><\/h4>   <div  class=\"social-icons-group\" data-type=\"group\"> <a  href=\"#\" target=\"_self\" data-reiki-hidden=\"true\" rel=\"noopener\"><i  class=\"fa icon fa-facebook-square gray\"><\/i><\/a> <a  href=\"#\" target=\"_self\" data-reiki-hidden=\"true\" rel=\"noopener\"><i  class=\"fa icon fa-twitter-square gray\"><\/i><\/a> <a  href=\"#\" target=\"_self\" data-reiki-hidden=\"true\" rel=\"noopener\"><i  class=\"fa icon fa-linkedin-square gray\"><\/i><\/a> <a  href=\"#\" target=\"_self\" data-reiki-hidden=\"true\" rel=\"noopener\"><i  class=\"fa icon fa-google-plus-square gray\"><\/i><\/a><\/div> <\/div><\/div> <\/div><div  class=\"col-xs-12 col-sm-6 col-md-3 col-padding\"> <div  class=\"row\"> <div  data-type=\"column\" class=\"col-xs-12 col-sm-12\"> <img decoding=\"async\"  class=\"round face lazyload\" data-src=\"https:\/\/www.bewa-group.de\/wp-content\/uploads\/2022\/02\/ukraine.png\" title=\"Ukraine\" alt=\"\" src=\"data:image\/svg+xml;base64,PHN2ZyB3aWR0aD0iMSIgaGVpZ2h0PSIxIiB4bWxucz0iaHR0cDovL3d3dy53My5vcmcvMjAwMC9zdmciPjwvc3ZnPg==\" style=\"--smush-placeholder-width: 160px; --smush-placeholder-aspect-ratio: 160\/107;\"> <h4  class=\"font-500\"><span style=\"font-family: arial, helvetica, sans-serif;\" >Ukraine<\/span><\/h4>   <div  class=\"social-icons-group\" data-type=\"group\"> <a  href=\"#\" target=\"_self\" data-reiki-hidden=\"true\" rel=\"noopener\"><i  class=\"fa icon fa-facebook-square gray\"><\/i><\/a> <a  href=\"#\" target=\"_self\" data-reiki-hidden=\"true\" rel=\"noopener\"><i  class=\"fa icon fa-twitter-square gray\"><\/i><\/a> <a  href=\"#\" target=\"_self\" data-reiki-hidden=\"true\" rel=\"noopener\"><i  class=\"fa icon fa-linkedin-square gray\"><\/i><\/a> <a  href=\"#\" target=\"_self\" data-reiki-hidden=\"true\" rel=\"noopener\"><i  class=\"fa icon fa-google-plus-square gray\"><\/i><\/a><\/div> <\/div><\/div> <\/div> <div  class=\"col-xs-12 col-sm-6 col-md-3 col-padding\"> <div  class=\"row\"> <div  data-type=\"column\" class=\"col-xs-12 col-sm-12\"> <img decoding=\"async\"  class=\"round face lazyload\" data-src=\"https:\/\/www.bewa-group.de\/wp-content\/uploads\/2022\/02\/kasachstan.png\" title=\"Kazakhstan\" alt=\"\" src=\"data:image\/svg+xml;base64,PHN2ZyB3aWR0aD0iMSIgaGVpZ2h0PSIxIiB4bWxucz0iaHR0cDovL3d3dy53My5vcmcvMjAwMC9zdmciPjwvc3ZnPg==\" style=\"--smush-placeholder-width: 640px; --smush-placeholder-aspect-ratio: 640\/400;\"> <h4  class=\"font-500\"><span style=\"font-family: arial, helvetica, sans-serif;\" >Kazakhstan<\/span><\/h4>   <div  class=\"social-icons-group\" data-type=\"group\"> <a  href=\"#\" target=\"_self\" data-reiki-hidden=\"true\" rel=\"noopener\"><i  class=\"fa icon fa-facebook-square gray\"><\/i><\/a> <a  href=\"#\" target=\"_self\" data-reiki-hidden=\"true\" rel=\"noopener\"><i  class=\"fa icon fa-twitter-square gray\"><\/i><\/a> <a  href=\"#\" target=\"_self\" data-reiki-hidden=\"true\" rel=\"noopener\"><i  class=\"fa icon fa-linkedin-square gray\"><\/i><\/a> <a  href=\"#\" target=\"_self\" data-reiki-hidden=\"true\" rel=\"noopener\"><i  class=\"fa icon fa-google-plus-square gray\"><\/i><\/a><\/div> <\/div><\/div> <\/div>   <\/div> <\/div><\/div>","protected":false},"excerpt":{"rendered":"<p>Mit Vertriebspunkten und zertifizierten Servicewerkst\u00e4tten in den unten aufgef\u00fchrten L\u00e4ndern gew\u00e4hrleisten wir kompetente Ansprechpartner direkt vor Ort. Wenn Sie wollen, dass der Kraftstoffmodifikator in Ihrem Land verf\u00fcgbar ist, sprechen Sie uns einfach an. Deutschland Frankreich Spanien\ufeff Portugal S\u00fcdkorea\ufeff Ukraine Kasachstan<\/p>","protected":false},"author":1,"featured_media":0,"parent":0,"menu_order":0,"comment_status":"closed","ping_status":"closed","template":"pro\/page-templates\/full-width-page.php","meta":{"footnotes":""},"class_list":["post-540","page","type-page","status-publish","hentry"],"_links":{"self":[{"href":"https:\/\/www.bewa-group.de\/home\/en\/wp-json\/wp\/v2\/pages\/540","targetHints":{"allow":["GET"]}}],"collection":[{"href":"https:\/\/www.bewa-group.de\/home\/en\/wp-json\/wp\/v2\/pages"}],"about":[{"href":"https:\/\/www.bewa-group.de\/home\/en\/wp-json\/wp\/v2\/types\/page"}],"author":[{"embeddable":true,"href":"https:\/\/www.bewa-group.de\/home\/en\/wp-json\/wp\/v2\/users\/1"}],"replies":[{"embeddable":true,"href":"https:\/\/www.bewa-group.de\/home\/en\/wp-json\/wp\/v2\/comments?post=540"}],"version-history":[{"count":2,"href":"https:\/\/www.bewa-group.de\/home\/en\/wp-json\/wp\/v2\/pages\/540\/revisions"}],"predecessor-version":[{"id":1569,"href":"https:\/\/www.bewa-group.de\/home\/en\/wp-json\/wp\/v2\/pages\/540\/revisions\/1569"}],"wp:attachment":[{"href":"https:\/\/www.bewa-group.de\/home\/en\/wp-json\/wp\/v2\/media?parent=540"}],"curies":[{"name":"wp","href":"https:\/\/api.w.org\/{rel}","templated":true}]}}