{"id":30,"date":"2022-01-29T22:42:49","date_gmt":"2022-01-29T22:42:49","guid":{"rendered":"https:\/\/www.bewa-group.de\/?page_id=30"},"modified":"2025-11-05T15:59:44","modified_gmt":"2025-11-05T15:59:44","slug":"impressum","status":"publish","type":"page","link":"https:\/\/www.bewa-group.de\/home\/en\/impressum\/","title":{"rendered":"imprint"},"content":{"rendered":"<h3 class=\"wp-block-heading\" id=\"angaben-gemass-5-telemediengesetz-tmg\"><strong><strong>Angaben gem\u00e4\u00df \u00a7 5 Digitale-Dienste-Gesetz (DDG)<\/strong><\/strong><\/h3>\n\n\n\n<p>BEWA GROUP International<br>owner Waldemar Beck<br>Parkstra\u00dfe 18<br>D-75175 Pforzheim<br><br>Phone: +49 7231 776801-0<br>Email: info[!at]bewa-group.de<br><br>Umsatzsteuer-Identifikationsnummer gem\u00e4\u00df \u00a7 27 a Umsatzsteuergesetz: DE272529462<\/p>\n\n\n\n<p>Inhaltlich Verantwortlicher gem. \u00a7 18 Abs. 2 MStV<br>Waldemar Beck <br>Parkstra\u00dfe 18<br>D-75175 Pforzheim<br><br>Wir sind zur Teilnahme an einem Streitbeilegungsverfahren vor einer Verbraucherschlichtungsstelle weder verpflichtet noch bereit.<\/p>\n\n\n\n<h3 class=\"wp-block-heading\" id=\"haftungshinweis\">liability notice<\/h3>\n\n\n\n<p>Diese Website wurde mit gr\u00f6\u00dftm\u00f6glicher Sorgfalt zusammengestellt. Dennoch k\u00f6nnen wir keine Gew\u00e4hr f\u00fcr die Fehlerfreiheit und Genauigkeit der enthaltenen Informationen \u00fcbernehmen.<br>Wir schlie\u00dfen jegliche Haftung f\u00fcr Sch\u00e4den aus, die direkt oder indirekt aus der Nutzung dieser Website entstehen, soweit diese nicht auf Vorsatz oder grober Fahrl\u00e4ssigkeit beruhen.<br>Trotz sorgf\u00e4ltiger inhaltlicher Kontrolle \u00fcbernehmen wir keine Haftung f\u00fcr die Inhalte externer Links. F\u00fcr den Inhalt der verlinkten Seiten sind ausschlie\u00dflich deren Betreiber verantwortlich.<\/p>\n\n\n\n<h3 class=\"wp-block-heading\" id=\"urheberrechtlicher-hinweis\">Copyright notice<\/h3>\n\n\n\n<p>Der Inhalt und die Struktur unserer Website sind urheberrechtlich gesch\u00fctzt.<br>Jegliche Vervielf\u00e4ltigung, Bearbeitung, Verbreitung oder sonstige Nutzung von Informationen, insbesondere die Verwendung von Texten, Textteilen, Bildmaterial oder anderen Inhalten, bedarf der vorherigen schriftlichen Zustimmung des Anbieters bzw. Rechteinhabers.<\/p>\n\n\n\n<h3 class=\"wp-block-heading\" id=\"bildnachweise\">photo credits<\/h3>\n\n\n\n<p><a href=\"https:\/\/www.freepik.com\/photos\/background\" target=\"_blank\" rel=\"noopener\">Background photo created by fanjianhua \u2013 www.freepik.com<\/a><br><a href=\"https:\/\/www.freepik.com\/vectors\/background\" target=\"_blank\" rel=\"noopener\">Background vector created by evening_tao \u2013 www.freepik.com<\/a><br>Image of <a href=\"https:\/\/pixabay.com\/de\/users\/tumisu-148124\/?utm_source=link-attribution&amp;utm_medium=referral&amp;utm_campaign=image&amp;utm_content=2993000\" target=\"_blank\" rel=\"noopener\">Tumisu<\/a> on <a href=\"https:\/\/pixabay.com\/de\/?utm_source=link-attribution&amp;utm_medium=referral&amp;utm_campaign=image&amp;utm_content=2993000\" target=\"_blank\" rel=\"noopener\">Pixabay<\/a><\/p>","protected":false},"excerpt":{"rendered":"<p>Angaben gem\u00e4\u00df \u00a7 5 Digitale-Dienste-Gesetz (DDG) BEWA GROUP InternationalInh. Waldemar BeckParkstra\u00dfe 18D-75175 Pforzheim Telefon: +49 7231 776801-0E-Mail: info[!at]bewa-group.de Umsatzsteuer-Identifikationsnummer gem\u00e4\u00df \u00a7 27 a Umsatzsteuergesetz: DE272529462 Inhaltlich Verantwortlicher gem. \u00a7 18 Abs. 2 MStVWaldemar Beck Parkstra\u00dfe 18D-75175 Pforzheim Wir sind zur Teilnahme an einem Streitbeilegungsverfahren vor einer Verbraucherschlichtungsstelle weder verpflichtet noch bereit. Haftungshinweis Diese Website wurde&hellip; <br \/> <a class=\"read-more\" href=\"https:\/\/www.bewa-group.de\/home\/en\/impressum\/\">Read more<\/a><\/p>","protected":false},"author":1,"featured_media":0,"parent":0,"menu_order":0,"comment_status":"closed","ping_status":"closed","template":"","meta":{"footnotes":""},"class_list":["post-30","page","type-page","status-publish","hentry"],"_links":{"self":[{"href":"https:\/\/www.bewa-group.de\/home\/en\/wp-json\/wp\/v2\/pages\/30","targetHints":{"allow":["GET"]}}],"collection":[{"href":"https:\/\/www.bewa-group.de\/home\/en\/wp-json\/wp\/v2\/pages"}],"about":[{"href":"https:\/\/www.bewa-group.de\/home\/en\/wp-json\/wp\/v2\/types\/page"}],"author":[{"embeddable":true,"href":"https:\/\/www.bewa-group.de\/home\/en\/wp-json\/wp\/v2\/users\/1"}],"replies":[{"embeddable":true,"href":"https:\/\/www.bewa-group.de\/home\/en\/wp-json\/wp\/v2\/comments?post=30"}],"version-history":[{"count":6,"href":"https:\/\/www.bewa-group.de\/home\/en\/wp-json\/wp\/v2\/pages\/30\/revisions"}],"predecessor-version":[{"id":1541,"href":"https:\/\/www.bewa-group.de\/home\/en\/wp-json\/wp\/v2\/pages\/30\/revisions\/1541"}],"wp:attachment":[{"href":"https:\/\/www.bewa-group.de\/home\/en\/wp-json\/wp\/v2\/media?parent=30"}],"curies":[{"name":"wp","href":"https:\/\/api.w.org\/{rel}","templated":true}]}}